{"id":7,"date":"2017-01-23T08:05:12","date_gmt":"2017-01-23T08:05:12","guid":{"rendered":"http:\/\/dummy.xtemos.com\/basel\/?page_id=7"},"modified":"2025-07-18T10:00:24","modified_gmt":"2025-07-18T08:00:24","slug":"pagrindinis","status":"publish","type":"page","link":"https:\/\/ingapuleikiene.com\/en\/","title":{"rendered":"Home"},"content":{"rendered":"<div class=\"wpb-content-wrapper\"><div class=\"vc_row wpb_row vc_row-fluid vc_custom_1742119175349\"><div class=\"wpb_column vc_column_container vc_col-sm-12\"><div class=\"vc_column-inner vc_custom_1452525768861\"><div class=\"wpb_wrapper\">\n\t<div  class=\"wpb_single_image wpb_content_element vc_align_center vc_custom_1739210092428\">\n\t\t\n\t\t<figure class=\"wpb_wrapper vc_figure\">\n\t\t\t<div class=\"vc_single_image-wrapper   vc_box_border_grey\"><img decoding=\"async\" width=\"2560\" height=\"1281\" src=\"https:\/\/ingapuleikiene.com\/wp-content\/uploads\/2025\/02\/IMG_4250-scaled.jpg\" class=\"vc_single_image-img attachment-full\" alt=\"IMG 4250\" title=\"IMG 4250\" srcset=\"https:\/\/ingapuleikiene.com\/wp-content\/uploads\/2025\/02\/IMG_4250-scaled.jpg 2560w, https:\/\/ingapuleikiene.com\/wp-content\/uploads\/2025\/02\/IMG_4250-300x150.jpg 300w, https:\/\/ingapuleikiene.com\/wp-content\/uploads\/2025\/02\/IMG_4250-1024x512.jpg 1024w, https:\/\/ingapuleikiene.com\/wp-content\/uploads\/2025\/02\/IMG_4250-768x384.jpg 768w, https:\/\/ingapuleikiene.com\/wp-content\/uploads\/2025\/02\/IMG_4250-1536x768.jpg 1536w, https:\/\/ingapuleikiene.com\/wp-content\/uploads\/2025\/02\/IMG_4250-2048x1025.jpg 2048w, https:\/\/ingapuleikiene.com\/wp-content\/uploads\/2025\/02\/IMG_4250-18x9.jpg 18w, https:\/\/ingapuleikiene.com\/wp-content\/uploads\/2025\/02\/IMG_4250-1200x600.jpg 1200w, https:\/\/ingapuleikiene.com\/wp-content\/uploads\/2025\/02\/IMG_4250-600x300.jpg 600w\" sizes=\"(max-width: 2560px) 100vw, 2560px\" \/><\/div>\n\t\t<\/figure>\n\t<\/div>\n<\/div><\/div><\/div><\/div><div class=\"vc_row wpb_row vc_row-fluid\"><div class=\"wpb_column vc_column_container vc_col-sm-12\"><div class=\"vc_column-inner\"><div class=\"wpb_wrapper\">\n\t<div class=\"wpb_text_column wpb_content_element\" >\n\t\t<div class=\"wpb_wrapper\">\n\t\t\t<h5><\/h5>\n<h5><\/h5>\n<h5><strong>MINDFUL DESIGN ART<\/strong><\/h5>\n<h6><em>by Inga Puleikien\u0117<\/em><\/h6>\n<p style=\"font-weight: 400; text-align: left;\">I am a person who has been looking for a meaning in small details since childhood that are invisible to eyes but felt by the heart. I have been guided by intuition, sensitivity, and the ability to see deeper \u2013 what lies behind words, colors and silence.<\/p>\n<p style=\"font-weight: 400; text-align: left;\">My path is architecture of peace and journeys between colors, shapes, materials and feelings. Each project is not only a visual solution for me, but also a journey towards aesthetics, harmony and emotional balance. I believe that true luxury is found in feelings and emotions that we can experience here and now, in choices and decisions that we can make. I believe that true beauty takes place in awareness, in ability to stop, see, smell, hear, feel.<\/p>\n<p style=\"font-weight: 400; text-align: left;\">MINDFUL DESIGN ART are spaces where aesthetics and emotional balance come together. I create not only interiors or paintings - I create sensitive, authentic experiences that strengthen inner peace and relationship with yourself.<\/p>\n<p style=\"font-weight: 400; text-align: left;\">I combine design aesthetics with psychological insights and principles of emotional impact. My work is not only for eyes, but also for the soul. I have learned to see not only spaces, but also people - with their nuances, shadows and lights. This is a gift that I have turned into my profession and activity.<\/p>\n<p style=\"font-weight: 400; text-align: left;\">My works are full of:<\/p>\n<ul style=\"text-align: left;\">\n<li>Psychological sensitivity, based on a deep understanding of the client's needs,<\/li>\n<li>Aesthetic harmony revealed through the structure, colors, textures and light,<\/li>\n<li>Emotional impact that creates a sense of being in the present.<\/li>\n<\/ul>\n<p style=\"font-weight: 400; text-align: left;\">My mission is to create not only beautiful, but also sensual spaces and works that help people take a breath, return to themselves and their inner world. If you are looking for not only design, but also a deep connection with space and yourself - we are on the same path.<\/p>\n\n\t\t<\/div>\n\t<\/div>\n<\/div><\/div><\/div><\/div>\n<\/div>","protected":false},"excerpt":{"rendered":"MINDFUL DESIGN ART by Inga Puleikien\u0117 Esu \u017emogus, kuris nuo vaikyst\u0117s ie\u0161kojo prasm\u0117s ma\u017eose detal\u0117se, kurios nematomos akiai, ta\u010diau jau\u010diamos","protected":false},"author":1,"featured_media":32151,"parent":0,"menu_order":0,"comment_status":"closed","ping_status":"closed","template":"","meta":{"_monsterinsights_skip_tracking":false,"_monsterinsights_sitenote_active":false,"_monsterinsights_sitenote_note":"","_monsterinsights_sitenote_category":0,"footnotes":""},"class_list":["post-7","page","type-page","status-publish","has-post-thumbnail","hentry"],"yoast_head":"<!-- This site is optimized with the Yoast SEO plugin v25.5 - https:\/\/yoast.com\/wordpress\/plugins\/seo\/ -->\n<title>Ingos Puleikienes meno galerija - Paveikslai, Interjero Dizainas, Fotoreprodukcijos<\/title>\n<meta name=\"description\" content=\"Atraskite unikalius paveikslus, profesionalias interjero dizaino paslaugas ir auk\u0161tos kokyb\u0117s fotoreprodukcijas m\u016bs\u0173 svetain\u0117je. Paverskite savo namus meno galerija su i\u0161skirtiniais k\u016briniais ir sukurkite asmeni\u0161k\u0105 erdv\u0119, atspindin\u010di\u0105 j\u016bs\u0173 stili\u0173. U\u017esisakykite individualius portretus ir interjero sprendimus, kurie pabr\u0117\u0161 j\u016bs\u0173 nam\u0173 unikalum\u0105.\" \/>\n<meta name=\"robots\" content=\"index, follow, max-snippet:-1, max-image-preview:large, max-video-preview:-1\" \/>\n<link rel=\"canonical\" href=\"https:\/\/ingapuleikiene.com\/en\/\" \/>\n<meta property=\"og:locale\" content=\"en_GB\" \/>\n<meta property=\"og:type\" content=\"article\" \/>\n<meta property=\"og:title\" content=\"Ingos Puleikienes meno galerija - Paveikslai, Interjero Dizainas, Fotoreprodukcijos\" \/>\n<meta property=\"og:description\" content=\"Atraskite unikalius paveikslus, profesionalias interjero dizaino paslaugas ir auk\u0161tos kokyb\u0117s fotoreprodukcijas m\u016bs\u0173 svetain\u0117je. Paverskite savo namus meno galerija su i\u0161skirtiniais k\u016briniais ir sukurkite asmeni\u0161k\u0105 erdv\u0119, atspindin\u010di\u0105 j\u016bs\u0173 stili\u0173. U\u017esisakykite individualius portretus ir interjero sprendimus, kurie pabr\u0117\u0161 j\u016bs\u0173 nam\u0173 unikalum\u0105.\" \/>\n<meta property=\"og:url\" content=\"https:\/\/ingapuleikiene.com\/en\/\" \/>\n<meta property=\"og:site_name\" content=\"Ingos Puleikienes meno galerija\" \/>\n<meta property=\"article:publisher\" content=\"https:\/\/www.facebook.com\/ippaveikslugalerija\/\" \/>\n<meta property=\"article:modified_time\" content=\"2025-07-18T08:00:24+00:00\" \/>\n<meta property=\"og:image\" content=\"https:\/\/ingapuleikiene.com\/wp-content\/uploads\/2025\/02\/IMG_4250-scaled.jpg\" \/>\n\t<meta property=\"og:image:width\" content=\"2560\" \/>\n\t<meta property=\"og:image:height\" content=\"1281\" \/>\n\t<meta property=\"og:image:type\" content=\"image\/jpeg\" \/>\n<meta name=\"twitter:card\" content=\"summary_large_image\" \/>\n<meta name=\"twitter:label1\" content=\"Estimated reading time\" \/>\n\t<meta name=\"twitter:data1\" content=\"2 minutes\" \/>\n<script type=\"application\/ld+json\" class=\"yoast-schema-graph\">{\"@context\":\"https:\/\/schema.org\",\"@graph\":[{\"@type\":\"WebPage\",\"@id\":\"https:\/\/ingapuleikiene.com\/\",\"url\":\"https:\/\/ingapuleikiene.com\/\",\"name\":\"Ingos Puleikienes meno galerija - Paveikslai, Interjero Dizainas, Fotoreprodukcijos\",\"isPartOf\":{\"@id\":\"https:\/\/ingapuleikiene.com\/#website\"},\"primaryImageOfPage\":{\"@id\":\"https:\/\/ingapuleikiene.com\/#primaryimage\"},\"image\":{\"@id\":\"https:\/\/ingapuleikiene.com\/#primaryimage\"},\"thumbnailUrl\":\"https:\/\/ingapuleikiene.com\/wp-content\/uploads\/2025\/02\/IMG_4250-scaled.jpg\",\"datePublished\":\"2017-01-23T08:05:12+00:00\",\"dateModified\":\"2025-07-18T08:00:24+00:00\",\"description\":\"Atraskite unikalius paveikslus, profesionalias interjero dizaino paslaugas ir auk\u0161tos kokyb\u0117s fotoreprodukcijas m\u016bs\u0173 svetain\u0117je. Paverskite savo namus meno galerija su i\u0161skirtiniais k\u016briniais ir sukurkite asmeni\u0161k\u0105 erdv\u0119, atspindin\u010di\u0105 j\u016bs\u0173 stili\u0173. U\u017esisakykite individualius portretus ir interjero sprendimus, kurie pabr\u0117\u0161 j\u016bs\u0173 nam\u0173 unikalum\u0105.\",\"breadcrumb\":{\"@id\":\"https:\/\/ingapuleikiene.com\/#breadcrumb\"},\"inLanguage\":\"en-GB\",\"potentialAction\":[{\"@type\":\"ReadAction\",\"target\":[\"https:\/\/ingapuleikiene.com\/\"]}]},{\"@type\":\"ImageObject\",\"inLanguage\":\"en-GB\",\"@id\":\"https:\/\/ingapuleikiene.com\/#primaryimage\",\"url\":\"https:\/\/ingapuleikiene.com\/wp-content\/uploads\/2025\/02\/IMG_4250-scaled.jpg\",\"contentUrl\":\"https:\/\/ingapuleikiene.com\/wp-content\/uploads\/2025\/02\/IMG_4250-scaled.jpg\",\"width\":2560,\"height\":1281,\"caption\":\"IMG 4250\"},{\"@type\":\"BreadcrumbList\",\"@id\":\"https:\/\/ingapuleikiene.com\/#breadcrumb\",\"itemListElement\":[{\"@type\":\"ListItem\",\"position\":1,\"name\":\"Pagrindinis\",\"item\":\"https:\/\/ingapuleikiene.com\/\"},{\"@type\":\"ListItem\",\"position\":2,\"name\":\"Pagrindinis\"}]},{\"@type\":\"WebSite\",\"@id\":\"https:\/\/ingapuleikiene.com\/#website\",\"url\":\"https:\/\/ingapuleikiene.com\/\",\"name\":\"I.P. - Meno paveikslai, Interjero dizainas, Fotoportretai, Paveikslai interjerui, Dekoracijos\",\"description\":\"Meno paveikslai, Interjero dizainas, Fotoportretai, Paveikslai interjerui, Dekoracijos\",\"publisher\":{\"@id\":\"https:\/\/ingapuleikiene.com\/#organization\"},\"potentialAction\":[{\"@type\":\"SearchAction\",\"target\":{\"@type\":\"EntryPoint\",\"urlTemplate\":\"https:\/\/ingapuleikiene.com\/?s={search_term_string}\"},\"query-input\":{\"@type\":\"PropertyValueSpecification\",\"valueRequired\":true,\"valueName\":\"search_term_string\"}}],\"inLanguage\":\"en-GB\"},{\"@type\":\"Organization\",\"@id\":\"https:\/\/ingapuleikiene.com\/#organization\",\"name\":\"I.P. Art\",\"url\":\"https:\/\/ingapuleikiene.com\/\",\"logo\":{\"@type\":\"ImageObject\",\"inLanguage\":\"en-GB\",\"@id\":\"https:\/\/ingapuleikiene.com\/#\/schema\/logo\/image\/\",\"url\":\"https:\/\/ingapuleikiene.com\/wp-content\/uploads\/2025\/03\/signature.png\",\"contentUrl\":\"https:\/\/ingapuleikiene.com\/wp-content\/uploads\/2025\/03\/signature.png\",\"width\":255,\"height\":104,\"caption\":\"I.P. Art\"},\"image\":{\"@id\":\"https:\/\/ingapuleikiene.com\/#\/schema\/logo\/image\/\"},\"sameAs\":[\"https:\/\/www.facebook.com\/ippaveikslugalerija\/\",\"https:\/\/www.instagram.com\/inga.puleikiene.art\/\"]}]}<\/script>\n<!-- \/ Yoast SEO plugin. -->","yoast_head_json":{"title":"Ingos Puleikienes meno galerija - Paveikslai, Interjero Dizainas, Fotoreprodukcijos","description":"Atraskite unikalius paveikslus, profesionalias interjero dizaino paslaugas ir auk\u0161tos kokyb\u0117s fotoreprodukcijas m\u016bs\u0173 svetain\u0117je. Paverskite savo namus meno galerija su i\u0161skirtiniais k\u016briniais ir sukurkite asmeni\u0161k\u0105 erdv\u0119, atspindin\u010di\u0105 j\u016bs\u0173 stili\u0173. U\u017esisakykite individualius portretus ir interjero sprendimus, kurie pabr\u0117\u0161 j\u016bs\u0173 nam\u0173 unikalum\u0105.","robots":{"index":"index","follow":"follow","max-snippet":"max-snippet:-1","max-image-preview":"max-image-preview:large","max-video-preview":"max-video-preview:-1"},"canonical":"https:\/\/ingapuleikiene.com\/en\/","og_locale":"en_GB","og_type":"article","og_title":"Ingos Puleikienes meno galerija - Paveikslai, Interjero Dizainas, Fotoreprodukcijos","og_description":"Atraskite unikalius paveikslus, profesionalias interjero dizaino paslaugas ir auk\u0161tos kokyb\u0117s fotoreprodukcijas m\u016bs\u0173 svetain\u0117je. Paverskite savo namus meno galerija su i\u0161skirtiniais k\u016briniais ir sukurkite asmeni\u0161k\u0105 erdv\u0119, atspindin\u010di\u0105 j\u016bs\u0173 stili\u0173. U\u017esisakykite individualius portretus ir interjero sprendimus, kurie pabr\u0117\u0161 j\u016bs\u0173 nam\u0173 unikalum\u0105.","og_url":"https:\/\/ingapuleikiene.com\/en\/","og_site_name":"Ingos Puleikienes meno galerija","article_publisher":"https:\/\/www.facebook.com\/ippaveikslugalerija\/","article_modified_time":"2025-07-18T08:00:24+00:00","og_image":[{"width":2560,"height":1281,"url":"https:\/\/ingapuleikiene.com\/wp-content\/uploads\/2025\/02\/IMG_4250-scaled.jpg","type":"image\/jpeg"}],"twitter_card":"summary_large_image","twitter_misc":{"Estimated reading time":"2 minutes"},"schema":{"@context":"https:\/\/schema.org","@graph":[{"@type":"WebPage","@id":"https:\/\/ingapuleikiene.com\/","url":"https:\/\/ingapuleikiene.com\/","name":"Ingos Puleikienes meno galerija - Paveikslai, Interjero Dizainas, Fotoreprodukcijos","isPartOf":{"@id":"https:\/\/ingapuleikiene.com\/#website"},"primaryImageOfPage":{"@id":"https:\/\/ingapuleikiene.com\/#primaryimage"},"image":{"@id":"https:\/\/ingapuleikiene.com\/#primaryimage"},"thumbnailUrl":"https:\/\/ingapuleikiene.com\/wp-content\/uploads\/2025\/02\/IMG_4250-scaled.jpg","datePublished":"2017-01-23T08:05:12+00:00","dateModified":"2025-07-18T08:00:24+00:00","description":"Atraskite unikalius paveikslus, profesionalias interjero dizaino paslaugas ir auk\u0161tos kokyb\u0117s fotoreprodukcijas m\u016bs\u0173 svetain\u0117je. Paverskite savo namus meno galerija su i\u0161skirtiniais k\u016briniais ir sukurkite asmeni\u0161k\u0105 erdv\u0119, atspindin\u010di\u0105 j\u016bs\u0173 stili\u0173. U\u017esisakykite individualius portretus ir interjero sprendimus, kurie pabr\u0117\u0161 j\u016bs\u0173 nam\u0173 unikalum\u0105.","breadcrumb":{"@id":"https:\/\/ingapuleikiene.com\/#breadcrumb"},"inLanguage":"en-GB","potentialAction":[{"@type":"ReadAction","target":["https:\/\/ingapuleikiene.com\/"]}]},{"@type":"ImageObject","inLanguage":"en-GB","@id":"https:\/\/ingapuleikiene.com\/#primaryimage","url":"https:\/\/ingapuleikiene.com\/wp-content\/uploads\/2025\/02\/IMG_4250-scaled.jpg","contentUrl":"https:\/\/ingapuleikiene.com\/wp-content\/uploads\/2025\/02\/IMG_4250-scaled.jpg","width":2560,"height":1281,"caption":"IMG 4250"},{"@type":"BreadcrumbList","@id":"https:\/\/ingapuleikiene.com\/#breadcrumb","itemListElement":[{"@type":"ListItem","position":1,"name":"Pagrindinis","item":"https:\/\/ingapuleikiene.com\/"},{"@type":"ListItem","position":2,"name":"Pagrindinis"}]},{"@type":"WebSite","@id":"https:\/\/ingapuleikiene.com\/#website","url":"https:\/\/ingapuleikiene.com\/","name":"I.P. - Meno paveikslai, Interjero dizainas, Fotoportretai, Paveikslai interjerui, Dekoracijos","description":"Meno paveikslai, Interjero dizainas, Fotoportretai, Paveikslai interjerui, Dekoracijos","publisher":{"@id":"https:\/\/ingapuleikiene.com\/#organization"},"potentialAction":[{"@type":"SearchAction","target":{"@type":"EntryPoint","urlTemplate":"https:\/\/ingapuleikiene.com\/?s={search_term_string}"},"query-input":{"@type":"PropertyValueSpecification","valueRequired":true,"valueName":"search_term_string"}}],"inLanguage":"en-GB"},{"@type":"Organization","@id":"https:\/\/ingapuleikiene.com\/#organization","name":"I.P. Art","url":"https:\/\/ingapuleikiene.com\/","logo":{"@type":"ImageObject","inLanguage":"en-GB","@id":"https:\/\/ingapuleikiene.com\/#\/schema\/logo\/image\/","url":"https:\/\/ingapuleikiene.com\/wp-content\/uploads\/2025\/03\/signature.png","contentUrl":"https:\/\/ingapuleikiene.com\/wp-content\/uploads\/2025\/03\/signature.png","width":255,"height":104,"caption":"I.P. Art"},"image":{"@id":"https:\/\/ingapuleikiene.com\/#\/schema\/logo\/image\/"},"sameAs":["https:\/\/www.facebook.com\/ippaveikslugalerija\/","https:\/\/www.instagram.com\/inga.puleikiene.art\/"]}]}},"_links":{"self":[{"href":"https:\/\/ingapuleikiene.com\/en\/wp-json\/wp\/v2\/pages\/7","targetHints":{"allow":["GET"]}}],"collection":[{"href":"https:\/\/ingapuleikiene.com\/en\/wp-json\/wp\/v2\/pages"}],"about":[{"href":"https:\/\/ingapuleikiene.com\/en\/wp-json\/wp\/v2\/types\/page"}],"author":[{"embeddable":true,"href":"https:\/\/ingapuleikiene.com\/en\/wp-json\/wp\/v2\/users\/1"}],"replies":[{"embeddable":true,"href":"https:\/\/ingapuleikiene.com\/en\/wp-json\/wp\/v2\/comments?post=7"}],"version-history":[{"count":0,"href":"https:\/\/ingapuleikiene.com\/en\/wp-json\/wp\/v2\/pages\/7\/revisions"}],"wp:featuredmedia":[{"embeddable":true,"href":"https:\/\/ingapuleikiene.com\/en\/wp-json\/wp\/v2\/media\/32151"}],"wp:attachment":[{"href":"https:\/\/ingapuleikiene.com\/en\/wp-json\/wp\/v2\/media?parent=7"}],"curies":[{"name":"wp","href":"https:\/\/api.w.org\/{rel}","templated":true}]}}