{"id":32240,"date":"2025-03-27T17:13:14","date_gmt":"2025-03-27T15:13:14","guid":{"rendered":"https:\/\/ingapuleikiene.com\/?post_type=product&#038;p=32240"},"modified":"2025-07-14T17:41:18","modified_gmt":"2025-07-14T15:41:18","slug":"pavasaris-60x80","status":"publish","type":"product","link":"https:\/\/ingapuleikiene.com\/en\/product\/pavasaris-60x80\/","title":{"rendered":"SPRING  60x80"},"content":{"rendered":"<p style=\"text-align: left;\">Auth. Inga Puleikiene<\/p>\n<p style=\"text-align: left;\">2019<\/p>\n<p style=\"text-align: left;\">60 cm x 80 cm<\/p>\n<p style=\"text-align: left;\">Acrylic on canvas.<\/p>\n<p style=\"text-align: left;\">Original painting, signed by the author.<\/p>\n<p style=\"text-align: left;\">Without decorative frame.<\/p>","protected":false},"excerpt":{"rendered":"<p>Paveikslas \u201cPavasaris\u201d perteikia gamtos ir \u017emogaus sielos atbudim\u0105, \u017evilgsn\u012f auk\u0161tyn \u2013 \u012f \u0161vies\u0105, \u012f dang\u0173.<span class=\"Apple-converted-space\">\u00a0 <\/span>Pavasaris \u2014 tai vidin\u0117 b\u016bsena, kai \u0161irdis prisipildo \u0161viesos. \u0160velni \u0161viesa keliauja tarp spalv\u0173 tarsi pa\u017eadas, kad viskas prasid\u0117s i\u0161 naujo. Pasteliniai pot\u0117piai primena dar tik prasikalan\u010dius \u017eiedlapius, o skaidr\u016bs sluoksniai kuria vilties poj\u016bt\u012f. Gamta bunda, \u017eem\u0117 l\u0117tai su\u0161yla, spalvos ima kalb\u0117tis, o dangus atspindi vilting\u0105 laukim\u0105. Tai \u0161velnus gr\u012f\u017eimas \u012f save, kvietimas atsiverti poky\u010diams, leisti sau jausti d\u017eiaugsm\u0105 ir tik\u0117jim\u0105, kad kiekvienas etapas atne\u0161a galimyb\u0119 atsinaujinti ir keistis.<span class=\"Apple-converted-space\">\u00a0<\/span><\/p>\n<p>\u201ePavasaris\u201c kalba apie trap\u0173 gro\u017e\u012f, kuris slypi kiekviename \u017emoguje, apie dr\u0105s\u0105 v\u0117l tik\u0117ti po tamsos, ir apie d\u017eiaugsm\u0105, kad v\u0117l gali \u017eyd\u0117ti.<\/p>","protected":false},"featured_media":32241,"comment_status":"closed","ping_status":"closed","template":"","meta":{"_monsterinsights_skip_tracking":false,"_monsterinsights_sitenote_active":false,"_monsterinsights_sitenote_note":"","_monsterinsights_sitenote_category":0},"product_brand":[],"product_cat":[26],"product_tag":[],"class_list":{"0":"post-32240","1":"product","2":"type-product","3":"status-publish","4":"has-post-thumbnail","6":"product_cat-paveikslai","7":"pa_aukstis-83","8":"pa_forma-vertikalus","9":"pa_plotis-90","10":"pa_spalvos-sviesios","11":"pa_tema-abstraktus","12":"pa_tema-natiurmortas","13":"pa_tema-peizazas","15":"first","16":"instock","17":"shipping-taxable","18":"purchasable","19":"product-type-simple"},"yoast_head":"<!-- This site is optimized with the Yoast SEO plugin v25.5 - https:\/\/yoast.com\/wordpress\/plugins\/seo\/ -->\n<title>PAVASARIS 60X80 - Ingos Puleikienes meno galerija<\/title>\n<meta name=\"robots\" content=\"index, follow, max-snippet:-1, max-image-preview:large, max-video-preview:-1\" \/>\n<link rel=\"canonical\" href=\"https:\/\/ingapuleikiene.com\/en\/product\/pavasaris-60x80\/\" \/>\n<meta property=\"og:locale\" content=\"en_GB\" \/>\n<meta property=\"og:type\" content=\"article\" \/>\n<meta property=\"og:title\" content=\"PAVASARIS 60X80 - Ingos Puleikienes meno galerija\" \/>\n<meta property=\"og:description\" content=\"Paveikslas \u201cPavasaris\u201d perteikia gamtos ir \u017emogaus sielos atbudim\u0105, \u017evilgsn\u012f auk\u0161tyn \u2013 \u012f \u0161vies\u0105, \u012f dang\u0173.\u00a0 Pavasaris \u2014 tai vidin\u0117 b\u016bsena, kai \u0161irdis prisipildo \u0161viesos. \u0160velni \u0161viesa keliauja tarp spalv\u0173 tarsi pa\u017eadas, kad viskas prasid\u0117s i\u0161 naujo. Pasteliniai pot\u0117piai primena dar tik prasikalan\u010dius \u017eiedlapius, o skaidr\u016bs sluoksniai kuria vilties poj\u016bt\u012f. Gamta bunda, \u017eem\u0117 l\u0117tai su\u0161yla, spalvos ima kalb\u0117tis, o dangus atspindi vilting\u0105 laukim\u0105. Tai \u0161velnus gr\u012f\u017eimas \u012f save, kvietimas atsiverti poky\u010diams, leisti sau jausti d\u017eiaugsm\u0105 ir tik\u0117jim\u0105, kad kiekvienas etapas atne\u0161a galimyb\u0119 atsinaujinti ir keistis.\u00a0  \u201ePavasaris\u201c kalba apie trap\u0173 gro\u017e\u012f, kuris slypi kiekviename \u017emoguje, apie dr\u0105s\u0105 v\u0117l tik\u0117ti po tamsos, ir apie d\u017eiaugsm\u0105, kad v\u0117l gali \u017eyd\u0117ti.\" \/>\n<meta property=\"og:url\" content=\"https:\/\/ingapuleikiene.com\/en\/product\/pavasaris-60x80\/\" \/>\n<meta property=\"og:site_name\" content=\"Ingos Puleikienes meno galerija\" \/>\n<meta property=\"article:publisher\" content=\"https:\/\/www.facebook.com\/ippaveikslugalerija\/\" \/>\n<meta property=\"article:modified_time\" content=\"2025-07-14T15:41:18+00:00\" \/>\n<meta property=\"og:image\" content=\"https:\/\/ingapuleikiene.com\/wp-content\/uploads\/2025\/03\/51-PAVASARIS-2019-60x80-1-scaled.jpg\" \/>\n\t<meta property=\"og:image:width\" content=\"1967\" \/>\n\t<meta property=\"og:image:height\" content=\"2560\" \/>\n\t<meta property=\"og:image:type\" content=\"image\/jpeg\" \/>\n<meta name=\"twitter:card\" content=\"summary_large_image\" \/>\n<meta name=\"twitter:label1\" content=\"Estimated reading time\" \/>\n\t<meta name=\"twitter:data1\" content=\"1 minute\" \/>\n<script type=\"application\/ld+json\" class=\"yoast-schema-graph\">{\"@context\":\"https:\/\/schema.org\",\"@graph\":[{\"@type\":\"WebPage\",\"@id\":\"https:\/\/ingapuleikiene.com\/produktas\/pavasaris-60x80\/\",\"url\":\"https:\/\/ingapuleikiene.com\/produktas\/pavasaris-60x80\/\",\"name\":\"PAVASARIS 60X80 - Ingos Puleikienes meno galerija\",\"isPartOf\":{\"@id\":\"https:\/\/ingapuleikiene.com\/#website\"},\"primaryImageOfPage\":{\"@id\":\"https:\/\/ingapuleikiene.com\/produktas\/pavasaris-60x80\/#primaryimage\"},\"image\":{\"@id\":\"https:\/\/ingapuleikiene.com\/produktas\/pavasaris-60x80\/#primaryimage\"},\"thumbnailUrl\":\"https:\/\/ingapuleikiene.com\/wp-content\/uploads\/2025\/03\/51-PAVASARIS-2019-60x80-1-scaled.jpg\",\"datePublished\":\"2025-03-27T15:13:14+00:00\",\"dateModified\":\"2025-07-14T15:41:18+00:00\",\"breadcrumb\":{\"@id\":\"https:\/\/ingapuleikiene.com\/produktas\/pavasaris-60x80\/#breadcrumb\"},\"inLanguage\":\"en-GB\",\"potentialAction\":[{\"@type\":\"ReadAction\",\"target\":[\"https:\/\/ingapuleikiene.com\/produktas\/pavasaris-60x80\/\"]}]},{\"@type\":\"ImageObject\",\"inLanguage\":\"en-GB\",\"@id\":\"https:\/\/ingapuleikiene.com\/produktas\/pavasaris-60x80\/#primaryimage\",\"url\":\"https:\/\/ingapuleikiene.com\/wp-content\/uploads\/2025\/03\/51-PAVASARIS-2019-60x80-1-scaled.jpg\",\"contentUrl\":\"https:\/\/ingapuleikiene.com\/wp-content\/uploads\/2025\/03\/51-PAVASARIS-2019-60x80-1-scaled.jpg\",\"width\":1967,\"height\":2560,\"caption\":\"51 PAVASARIS 2019 60x80\"},{\"@type\":\"BreadcrumbList\",\"@id\":\"https:\/\/ingapuleikiene.com\/produktas\/pavasaris-60x80\/#breadcrumb\",\"itemListElement\":[{\"@type\":\"ListItem\",\"position\":1,\"name\":\"Pagrindinis\",\"item\":\"https:\/\/ingapuleikiene.com\/\"},{\"@type\":\"ListItem\",\"position\":2,\"name\":\"Katalogas\",\"item\":\"https:\/\/ingapuleikiene.com\/en\/katalogas\/\"},{\"@type\":\"ListItem\",\"position\":3,\"name\":\"PAVASARIS 60X80\"}]},{\"@type\":\"WebSite\",\"@id\":\"https:\/\/ingapuleikiene.com\/#website\",\"url\":\"https:\/\/ingapuleikiene.com\/\",\"name\":\"I.P. - Meno paveikslai, Interjero dizainas, Fotoportretai, Paveikslai interjerui, Dekoracijos\",\"description\":\"Meno paveikslai, Interjero dizainas, Fotoportretai, Paveikslai interjerui, Dekoracijos\",\"publisher\":{\"@id\":\"https:\/\/ingapuleikiene.com\/#organization\"},\"potentialAction\":[{\"@type\":\"SearchAction\",\"target\":{\"@type\":\"EntryPoint\",\"urlTemplate\":\"https:\/\/ingapuleikiene.com\/?s={search_term_string}\"},\"query-input\":{\"@type\":\"PropertyValueSpecification\",\"valueRequired\":true,\"valueName\":\"search_term_string\"}}],\"inLanguage\":\"en-GB\"},{\"@type\":\"Organization\",\"@id\":\"https:\/\/ingapuleikiene.com\/#organization\",\"name\":\"I.P. Art\",\"url\":\"https:\/\/ingapuleikiene.com\/\",\"logo\":{\"@type\":\"ImageObject\",\"inLanguage\":\"en-GB\",\"@id\":\"https:\/\/ingapuleikiene.com\/#\/schema\/logo\/image\/\",\"url\":\"https:\/\/ingapuleikiene.com\/wp-content\/uploads\/2025\/03\/signature.png\",\"contentUrl\":\"https:\/\/ingapuleikiene.com\/wp-content\/uploads\/2025\/03\/signature.png\",\"width\":255,\"height\":104,\"caption\":\"I.P. Art\"},\"image\":{\"@id\":\"https:\/\/ingapuleikiene.com\/#\/schema\/logo\/image\/\"},\"sameAs\":[\"https:\/\/www.facebook.com\/ippaveikslugalerija\/\",\"https:\/\/www.instagram.com\/inga.puleikiene.art\/\"]}]}<\/script>\n<!-- \/ Yoast SEO plugin. -->","yoast_head_json":{"title":"PAVASARIS 60X80 - Ingos Puleikienes meno galerija","robots":{"index":"index","follow":"follow","max-snippet":"max-snippet:-1","max-image-preview":"max-image-preview:large","max-video-preview":"max-video-preview:-1"},"canonical":"https:\/\/ingapuleikiene.com\/en\/product\/pavasaris-60x80\/","og_locale":"en_GB","og_type":"article","og_title":"PAVASARIS 60X80 - Ingos Puleikienes meno galerija","og_description":"Paveikslas \u201cPavasaris\u201d perteikia gamtos ir \u017emogaus sielos atbudim\u0105, \u017evilgsn\u012f auk\u0161tyn \u2013 \u012f \u0161vies\u0105, \u012f dang\u0173.\u00a0 Pavasaris \u2014 tai vidin\u0117 b\u016bsena, kai \u0161irdis prisipildo \u0161viesos. \u0160velni \u0161viesa keliauja tarp spalv\u0173 tarsi pa\u017eadas, kad viskas prasid\u0117s i\u0161 naujo. Pasteliniai pot\u0117piai primena dar tik prasikalan\u010dius \u017eiedlapius, o skaidr\u016bs sluoksniai kuria vilties poj\u016bt\u012f. Gamta bunda, \u017eem\u0117 l\u0117tai su\u0161yla, spalvos ima kalb\u0117tis, o dangus atspindi vilting\u0105 laukim\u0105. Tai \u0161velnus gr\u012f\u017eimas \u012f save, kvietimas atsiverti poky\u010diams, leisti sau jausti d\u017eiaugsm\u0105 ir tik\u0117jim\u0105, kad kiekvienas etapas atne\u0161a galimyb\u0119 atsinaujinti ir keistis.\u00a0  \u201ePavasaris\u201c kalba apie trap\u0173 gro\u017e\u012f, kuris slypi kiekviename \u017emoguje, apie dr\u0105s\u0105 v\u0117l tik\u0117ti po tamsos, ir apie d\u017eiaugsm\u0105, kad v\u0117l gali \u017eyd\u0117ti.","og_url":"https:\/\/ingapuleikiene.com\/en\/product\/pavasaris-60x80\/","og_site_name":"Ingos Puleikienes meno galerija","article_publisher":"https:\/\/www.facebook.com\/ippaveikslugalerija\/","article_modified_time":"2025-07-14T15:41:18+00:00","og_image":[{"width":1967,"height":2560,"url":"https:\/\/ingapuleikiene.com\/wp-content\/uploads\/2025\/03\/51-PAVASARIS-2019-60x80-1-scaled.jpg","type":"image\/jpeg"}],"twitter_card":"summary_large_image","twitter_misc":{"Estimated reading time":"1 minute"},"schema":{"@context":"https:\/\/schema.org","@graph":[{"@type":"WebPage","@id":"https:\/\/ingapuleikiene.com\/produktas\/pavasaris-60x80\/","url":"https:\/\/ingapuleikiene.com\/produktas\/pavasaris-60x80\/","name":"PAVASARIS 60X80 - Ingos Puleikienes meno galerija","isPartOf":{"@id":"https:\/\/ingapuleikiene.com\/#website"},"primaryImageOfPage":{"@id":"https:\/\/ingapuleikiene.com\/produktas\/pavasaris-60x80\/#primaryimage"},"image":{"@id":"https:\/\/ingapuleikiene.com\/produktas\/pavasaris-60x80\/#primaryimage"},"thumbnailUrl":"https:\/\/ingapuleikiene.com\/wp-content\/uploads\/2025\/03\/51-PAVASARIS-2019-60x80-1-scaled.jpg","datePublished":"2025-03-27T15:13:14+00:00","dateModified":"2025-07-14T15:41:18+00:00","breadcrumb":{"@id":"https:\/\/ingapuleikiene.com\/produktas\/pavasaris-60x80\/#breadcrumb"},"inLanguage":"en-GB","potentialAction":[{"@type":"ReadAction","target":["https:\/\/ingapuleikiene.com\/produktas\/pavasaris-60x80\/"]}]},{"@type":"ImageObject","inLanguage":"en-GB","@id":"https:\/\/ingapuleikiene.com\/produktas\/pavasaris-60x80\/#primaryimage","url":"https:\/\/ingapuleikiene.com\/wp-content\/uploads\/2025\/03\/51-PAVASARIS-2019-60x80-1-scaled.jpg","contentUrl":"https:\/\/ingapuleikiene.com\/wp-content\/uploads\/2025\/03\/51-PAVASARIS-2019-60x80-1-scaled.jpg","width":1967,"height":2560,"caption":"51 PAVASARIS 2019 60x80"},{"@type":"BreadcrumbList","@id":"https:\/\/ingapuleikiene.com\/produktas\/pavasaris-60x80\/#breadcrumb","itemListElement":[{"@type":"ListItem","position":1,"name":"Pagrindinis","item":"https:\/\/ingapuleikiene.com\/"},{"@type":"ListItem","position":2,"name":"Katalogas","item":"https:\/\/ingapuleikiene.com\/en\/katalogas\/"},{"@type":"ListItem","position":3,"name":"PAVASARIS 60X80"}]},{"@type":"WebSite","@id":"https:\/\/ingapuleikiene.com\/#website","url":"https:\/\/ingapuleikiene.com\/","name":"I.P. - Meno paveikslai, Interjero dizainas, Fotoportretai, Paveikslai interjerui, Dekoracijos","description":"Meno paveikslai, Interjero dizainas, Fotoportretai, Paveikslai interjerui, Dekoracijos","publisher":{"@id":"https:\/\/ingapuleikiene.com\/#organization"},"potentialAction":[{"@type":"SearchAction","target":{"@type":"EntryPoint","urlTemplate":"https:\/\/ingapuleikiene.com\/?s={search_term_string}"},"query-input":{"@type":"PropertyValueSpecification","valueRequired":true,"valueName":"search_term_string"}}],"inLanguage":"en-GB"},{"@type":"Organization","@id":"https:\/\/ingapuleikiene.com\/#organization","name":"I.P. Art","url":"https:\/\/ingapuleikiene.com\/","logo":{"@type":"ImageObject","inLanguage":"en-GB","@id":"https:\/\/ingapuleikiene.com\/#\/schema\/logo\/image\/","url":"https:\/\/ingapuleikiene.com\/wp-content\/uploads\/2025\/03\/signature.png","contentUrl":"https:\/\/ingapuleikiene.com\/wp-content\/uploads\/2025\/03\/signature.png","width":255,"height":104,"caption":"I.P. Art"},"image":{"@id":"https:\/\/ingapuleikiene.com\/#\/schema\/logo\/image\/"},"sameAs":["https:\/\/www.facebook.com\/ippaveikslugalerija\/","https:\/\/www.instagram.com\/inga.puleikiene.art\/"]}]}},"_links":{"self":[{"href":"https:\/\/ingapuleikiene.com\/en\/wp-json\/wp\/v2\/product\/32240","targetHints":{"allow":["GET"]}}],"collection":[{"href":"https:\/\/ingapuleikiene.com\/en\/wp-json\/wp\/v2\/product"}],"about":[{"href":"https:\/\/ingapuleikiene.com\/en\/wp-json\/wp\/v2\/types\/product"}],"replies":[{"embeddable":true,"href":"https:\/\/ingapuleikiene.com\/en\/wp-json\/wp\/v2\/comments?post=32240"}],"wp:featuredmedia":[{"embeddable":true,"href":"https:\/\/ingapuleikiene.com\/en\/wp-json\/wp\/v2\/media\/32241"}],"wp:attachment":[{"href":"https:\/\/ingapuleikiene.com\/en\/wp-json\/wp\/v2\/media?parent=32240"}],"wp:term":[{"taxonomy":"product_brand","embeddable":true,"href":"https:\/\/ingapuleikiene.com\/en\/wp-json\/wp\/v2\/product_brand?post=32240"},{"taxonomy":"product_cat","embeddable":true,"href":"https:\/\/ingapuleikiene.com\/en\/wp-json\/wp\/v2\/product_cat?post=32240"},{"taxonomy":"product_tag","embeddable":true,"href":"https:\/\/ingapuleikiene.com\/en\/wp-json\/wp\/v2\/product_tag?post=32240"}],"curies":[{"name":"wp","href":"https:\/\/api.w.org\/{rel}","templated":true}]}}