{"id":32244,"date":"2025-03-27T17:22:55","date_gmt":"2025-03-27T15:22:55","guid":{"rendered":"https:\/\/ingapuleikiene.com\/?post_type=product&#038;p=32244"},"modified":"2025-07-14T17:49:44","modified_gmt":"2025-07-14T15:49:44","slug":"obelys-90x60","status":"publish","type":"product","link":"https:\/\/ingapuleikiene.com\/en\/product\/obelys-90x60\/","title":{"rendered":"APPLETREES  90x60"},"content":{"rendered":"<p style=\"text-align: left;\">Auth. Inga Puleikiene<\/p>\n<p style=\"text-align: left;\">2018<\/p>\n<p style=\"text-align: left;\">90 cm x 60 cm<\/p>\n<p style=\"text-align: left;\">Acrylic on canvas.<\/p>\n<p style=\"text-align: left;\">Original painting, signed by the author.<\/p>\n<p style=\"text-align: left;\">Without decorative frame.<\/p>","protected":false},"excerpt":{"rendered":"<p>Paveiksle &#8211; vasaros kvapas, lengvas ir gaivus, kai \u017eol\u0117 kutena basas p\u0117das, ore tvyro obuoli\u0173 kvapas. Obelys \u2013 lyg m\u016bs\u0173 \u0161aknys, i\u0161 kuri\u0173 i\u0161augo savastis. Vaikyst\u0117s sodas, kur sustoja laikas. Prisiminimai krenta tarp lap\u0173 kaip saul\u0117s blyksniai, \u0161ilti ir pa\u017e\u012fstami.<\/p>\n<p>\u201eObelys\u201c \u2013 tai savasties \u017eem\u0117lapis, i\u0161pie\u0161tas pot\u0117piais. Tai vidinis sodas, \u012f kur\u012f norisi gr\u012f\u017eti mintimis. Jis \u0161velniai kalba apie praeit\u012f, primena ner\u016bpesting\u0173 dien\u0173 kupin\u0105 vaikyst\u0119.<\/p>","protected":false},"featured_media":32247,"comment_status":"closed","ping_status":"closed","template":"","meta":{"_monsterinsights_skip_tracking":false,"_monsterinsights_sitenote_active":false,"_monsterinsights_sitenote_note":"","_monsterinsights_sitenote_category":0},"product_brand":[],"product_cat":[26],"product_tag":[],"class_list":{"0":"post-32244","1":"product","2":"type-product","3":"status-publish","4":"has-post-thumbnail","6":"product_cat-paveikslai","7":"pa_aukstis-83","8":"pa_forma-horizontalus","9":"pa_plotis-64","10":"pa_spalvos-sviesios","11":"pa_tema-abstraktus","12":"pa_tema-peizazas","14":"first","15":"outofstock","16":"shipping-taxable","17":"product-type-simple"},"yoast_head":"<!-- This site is optimized with the Yoast SEO plugin v25.5 - https:\/\/yoast.com\/wordpress\/plugins\/seo\/ -->\n<title>OBELYS 90X60 - Ingos Puleikienes meno galerija<\/title>\n<meta name=\"robots\" content=\"index, follow, max-snippet:-1, max-image-preview:large, max-video-preview:-1\" \/>\n<link rel=\"canonical\" href=\"https:\/\/ingapuleikiene.com\/en\/product\/obelys-90x60\/\" \/>\n<meta property=\"og:locale\" content=\"en_GB\" \/>\n<meta property=\"og:type\" content=\"article\" \/>\n<meta property=\"og:title\" content=\"OBELYS 90X60 - Ingos Puleikienes meno galerija\" \/>\n<meta property=\"og:description\" content=\"Paveiksle - vasaros kvapas, lengvas ir gaivus, kai \u017eol\u0117 kutena basas p\u0117das, ore tvyro obuoli\u0173 kvapas. Obelys \u2013 lyg m\u016bs\u0173 \u0161aknys, i\u0161 kuri\u0173 i\u0161augo savastis. Vaikyst\u0117s sodas, kur sustoja laikas. Prisiminimai krenta tarp lap\u0173 kaip saul\u0117s blyksniai, \u0161ilti ir pa\u017e\u012fstami.  \u201eObelys\u201c \u2013 tai savasties \u017eem\u0117lapis, i\u0161pie\u0161tas pot\u0117piais. Tai vidinis sodas, \u012f kur\u012f norisi gr\u012f\u017eti mintimis. Jis \u0161velniai kalba apie praeit\u012f, primena ner\u016bpesting\u0173 dien\u0173 kupin\u0105 vaikyst\u0119.\" \/>\n<meta property=\"og:url\" content=\"https:\/\/ingapuleikiene.com\/en\/product\/obelys-90x60\/\" \/>\n<meta property=\"og:site_name\" content=\"Ingos Puleikienes meno galerija\" \/>\n<meta property=\"article:publisher\" content=\"https:\/\/www.facebook.com\/ippaveikslugalerija\/\" \/>\n<meta property=\"article:modified_time\" content=\"2025-07-14T15:49:44+00:00\" \/>\n<meta property=\"og:image\" content=\"https:\/\/ingapuleikiene.com\/wp-content\/uploads\/2025\/03\/54-OBELYS-2019-90X60-scaled.jpg\" \/>\n\t<meta property=\"og:image:width\" content=\"2560\" \/>\n\t<meta property=\"og:image:height\" content=\"1710\" \/>\n\t<meta property=\"og:image:type\" content=\"image\/jpeg\" \/>\n<meta name=\"twitter:card\" content=\"summary_large_image\" \/>\n<meta name=\"twitter:label1\" content=\"Estimated reading time\" \/>\n\t<meta name=\"twitter:data1\" content=\"1 minute\" \/>\n<script type=\"application\/ld+json\" class=\"yoast-schema-graph\">{\"@context\":\"https:\/\/schema.org\",\"@graph\":[{\"@type\":\"WebPage\",\"@id\":\"https:\/\/ingapuleikiene.com\/produktas\/obelys-90x60\/\",\"url\":\"https:\/\/ingapuleikiene.com\/produktas\/obelys-90x60\/\",\"name\":\"OBELYS 90X60 - Ingos Puleikienes meno galerija\",\"isPartOf\":{\"@id\":\"https:\/\/ingapuleikiene.com\/#website\"},\"primaryImageOfPage\":{\"@id\":\"https:\/\/ingapuleikiene.com\/produktas\/obelys-90x60\/#primaryimage\"},\"image\":{\"@id\":\"https:\/\/ingapuleikiene.com\/produktas\/obelys-90x60\/#primaryimage\"},\"thumbnailUrl\":\"https:\/\/ingapuleikiene.com\/wp-content\/uploads\/2025\/03\/54-OBELYS-2019-90X60-scaled.jpg\",\"datePublished\":\"2025-03-27T15:22:55+00:00\",\"dateModified\":\"2025-07-14T15:49:44+00:00\",\"breadcrumb\":{\"@id\":\"https:\/\/ingapuleikiene.com\/produktas\/obelys-90x60\/#breadcrumb\"},\"inLanguage\":\"en-GB\",\"potentialAction\":[{\"@type\":\"ReadAction\",\"target\":[\"https:\/\/ingapuleikiene.com\/produktas\/obelys-90x60\/\"]}]},{\"@type\":\"ImageObject\",\"inLanguage\":\"en-GB\",\"@id\":\"https:\/\/ingapuleikiene.com\/produktas\/obelys-90x60\/#primaryimage\",\"url\":\"https:\/\/ingapuleikiene.com\/wp-content\/uploads\/2025\/03\/54-OBELYS-2019-90X60-scaled.jpg\",\"contentUrl\":\"https:\/\/ingapuleikiene.com\/wp-content\/uploads\/2025\/03\/54-OBELYS-2019-90X60-scaled.jpg\",\"width\":2560,\"height\":1710,\"caption\":\"54 OBELYS 2019 90X60\"},{\"@type\":\"BreadcrumbList\",\"@id\":\"https:\/\/ingapuleikiene.com\/produktas\/obelys-90x60\/#breadcrumb\",\"itemListElement\":[{\"@type\":\"ListItem\",\"position\":1,\"name\":\"Pagrindinis\",\"item\":\"https:\/\/ingapuleikiene.com\/\"},{\"@type\":\"ListItem\",\"position\":2,\"name\":\"Katalogas\",\"item\":\"https:\/\/ingapuleikiene.com\/en\/katalogas\/\"},{\"@type\":\"ListItem\",\"position\":3,\"name\":\"OBELYS 90X60\"}]},{\"@type\":\"WebSite\",\"@id\":\"https:\/\/ingapuleikiene.com\/#website\",\"url\":\"https:\/\/ingapuleikiene.com\/\",\"name\":\"I.P. - Meno paveikslai, Interjero dizainas, Fotoportretai, Paveikslai interjerui, Dekoracijos\",\"description\":\"Meno paveikslai, Interjero dizainas, Fotoportretai, Paveikslai interjerui, Dekoracijos\",\"publisher\":{\"@id\":\"https:\/\/ingapuleikiene.com\/#organization\"},\"potentialAction\":[{\"@type\":\"SearchAction\",\"target\":{\"@type\":\"EntryPoint\",\"urlTemplate\":\"https:\/\/ingapuleikiene.com\/?s={search_term_string}\"},\"query-input\":{\"@type\":\"PropertyValueSpecification\",\"valueRequired\":true,\"valueName\":\"search_term_string\"}}],\"inLanguage\":\"en-GB\"},{\"@type\":\"Organization\",\"@id\":\"https:\/\/ingapuleikiene.com\/#organization\",\"name\":\"I.P. Art\",\"url\":\"https:\/\/ingapuleikiene.com\/\",\"logo\":{\"@type\":\"ImageObject\",\"inLanguage\":\"en-GB\",\"@id\":\"https:\/\/ingapuleikiene.com\/#\/schema\/logo\/image\/\",\"url\":\"https:\/\/ingapuleikiene.com\/wp-content\/uploads\/2025\/03\/signature.png\",\"contentUrl\":\"https:\/\/ingapuleikiene.com\/wp-content\/uploads\/2025\/03\/signature.png\",\"width\":255,\"height\":104,\"caption\":\"I.P. Art\"},\"image\":{\"@id\":\"https:\/\/ingapuleikiene.com\/#\/schema\/logo\/image\/\"},\"sameAs\":[\"https:\/\/www.facebook.com\/ippaveikslugalerija\/\",\"https:\/\/www.instagram.com\/inga.puleikiene.art\/\"]}]}<\/script>\n<!-- \/ Yoast SEO plugin. -->","yoast_head_json":{"title":"OBELYS 90X60 - Ingos Puleikienes meno galerija","robots":{"index":"index","follow":"follow","max-snippet":"max-snippet:-1","max-image-preview":"max-image-preview:large","max-video-preview":"max-video-preview:-1"},"canonical":"https:\/\/ingapuleikiene.com\/en\/product\/obelys-90x60\/","og_locale":"en_GB","og_type":"article","og_title":"OBELYS 90X60 - Ingos Puleikienes meno galerija","og_description":"Paveiksle - vasaros kvapas, lengvas ir gaivus, kai \u017eol\u0117 kutena basas p\u0117das, ore tvyro obuoli\u0173 kvapas. Obelys \u2013 lyg m\u016bs\u0173 \u0161aknys, i\u0161 kuri\u0173 i\u0161augo savastis. Vaikyst\u0117s sodas, kur sustoja laikas. Prisiminimai krenta tarp lap\u0173 kaip saul\u0117s blyksniai, \u0161ilti ir pa\u017e\u012fstami.  \u201eObelys\u201c \u2013 tai savasties \u017eem\u0117lapis, i\u0161pie\u0161tas pot\u0117piais. Tai vidinis sodas, \u012f kur\u012f norisi gr\u012f\u017eti mintimis. Jis \u0161velniai kalba apie praeit\u012f, primena ner\u016bpesting\u0173 dien\u0173 kupin\u0105 vaikyst\u0119.","og_url":"https:\/\/ingapuleikiene.com\/en\/product\/obelys-90x60\/","og_site_name":"Ingos Puleikienes meno galerija","article_publisher":"https:\/\/www.facebook.com\/ippaveikslugalerija\/","article_modified_time":"2025-07-14T15:49:44+00:00","og_image":[{"width":2560,"height":1710,"url":"https:\/\/ingapuleikiene.com\/wp-content\/uploads\/2025\/03\/54-OBELYS-2019-90X60-scaled.jpg","type":"image\/jpeg"}],"twitter_card":"summary_large_image","twitter_misc":{"Estimated reading time":"1 minute"},"schema":{"@context":"https:\/\/schema.org","@graph":[{"@type":"WebPage","@id":"https:\/\/ingapuleikiene.com\/produktas\/obelys-90x60\/","url":"https:\/\/ingapuleikiene.com\/produktas\/obelys-90x60\/","name":"OBELYS 90X60 - Ingos Puleikienes meno galerija","isPartOf":{"@id":"https:\/\/ingapuleikiene.com\/#website"},"primaryImageOfPage":{"@id":"https:\/\/ingapuleikiene.com\/produktas\/obelys-90x60\/#primaryimage"},"image":{"@id":"https:\/\/ingapuleikiene.com\/produktas\/obelys-90x60\/#primaryimage"},"thumbnailUrl":"https:\/\/ingapuleikiene.com\/wp-content\/uploads\/2025\/03\/54-OBELYS-2019-90X60-scaled.jpg","datePublished":"2025-03-27T15:22:55+00:00","dateModified":"2025-07-14T15:49:44+00:00","breadcrumb":{"@id":"https:\/\/ingapuleikiene.com\/produktas\/obelys-90x60\/#breadcrumb"},"inLanguage":"en-GB","potentialAction":[{"@type":"ReadAction","target":["https:\/\/ingapuleikiene.com\/produktas\/obelys-90x60\/"]}]},{"@type":"ImageObject","inLanguage":"en-GB","@id":"https:\/\/ingapuleikiene.com\/produktas\/obelys-90x60\/#primaryimage","url":"https:\/\/ingapuleikiene.com\/wp-content\/uploads\/2025\/03\/54-OBELYS-2019-90X60-scaled.jpg","contentUrl":"https:\/\/ingapuleikiene.com\/wp-content\/uploads\/2025\/03\/54-OBELYS-2019-90X60-scaled.jpg","width":2560,"height":1710,"caption":"54 OBELYS 2019 90X60"},{"@type":"BreadcrumbList","@id":"https:\/\/ingapuleikiene.com\/produktas\/obelys-90x60\/#breadcrumb","itemListElement":[{"@type":"ListItem","position":1,"name":"Pagrindinis","item":"https:\/\/ingapuleikiene.com\/"},{"@type":"ListItem","position":2,"name":"Katalogas","item":"https:\/\/ingapuleikiene.com\/en\/katalogas\/"},{"@type":"ListItem","position":3,"name":"OBELYS 90X60"}]},{"@type":"WebSite","@id":"https:\/\/ingapuleikiene.com\/#website","url":"https:\/\/ingapuleikiene.com\/","name":"I.P. - Meno paveikslai, Interjero dizainas, Fotoportretai, Paveikslai interjerui, Dekoracijos","description":"Meno paveikslai, Interjero dizainas, Fotoportretai, Paveikslai interjerui, Dekoracijos","publisher":{"@id":"https:\/\/ingapuleikiene.com\/#organization"},"potentialAction":[{"@type":"SearchAction","target":{"@type":"EntryPoint","urlTemplate":"https:\/\/ingapuleikiene.com\/?s={search_term_string}"},"query-input":{"@type":"PropertyValueSpecification","valueRequired":true,"valueName":"search_term_string"}}],"inLanguage":"en-GB"},{"@type":"Organization","@id":"https:\/\/ingapuleikiene.com\/#organization","name":"I.P. Art","url":"https:\/\/ingapuleikiene.com\/","logo":{"@type":"ImageObject","inLanguage":"en-GB","@id":"https:\/\/ingapuleikiene.com\/#\/schema\/logo\/image\/","url":"https:\/\/ingapuleikiene.com\/wp-content\/uploads\/2025\/03\/signature.png","contentUrl":"https:\/\/ingapuleikiene.com\/wp-content\/uploads\/2025\/03\/signature.png","width":255,"height":104,"caption":"I.P. Art"},"image":{"@id":"https:\/\/ingapuleikiene.com\/#\/schema\/logo\/image\/"},"sameAs":["https:\/\/www.facebook.com\/ippaveikslugalerija\/","https:\/\/www.instagram.com\/inga.puleikiene.art\/"]}]}},"_links":{"self":[{"href":"https:\/\/ingapuleikiene.com\/en\/wp-json\/wp\/v2\/product\/32244","targetHints":{"allow":["GET"]}}],"collection":[{"href":"https:\/\/ingapuleikiene.com\/en\/wp-json\/wp\/v2\/product"}],"about":[{"href":"https:\/\/ingapuleikiene.com\/en\/wp-json\/wp\/v2\/types\/product"}],"replies":[{"embeddable":true,"href":"https:\/\/ingapuleikiene.com\/en\/wp-json\/wp\/v2\/comments?post=32244"}],"wp:featuredmedia":[{"embeddable":true,"href":"https:\/\/ingapuleikiene.com\/en\/wp-json\/wp\/v2\/media\/32247"}],"wp:attachment":[{"href":"https:\/\/ingapuleikiene.com\/en\/wp-json\/wp\/v2\/media?parent=32244"}],"wp:term":[{"taxonomy":"product_brand","embeddable":true,"href":"https:\/\/ingapuleikiene.com\/en\/wp-json\/wp\/v2\/product_brand?post=32244"},{"taxonomy":"product_cat","embeddable":true,"href":"https:\/\/ingapuleikiene.com\/en\/wp-json\/wp\/v2\/product_cat?post=32244"},{"taxonomy":"product_tag","embeddable":true,"href":"https:\/\/ingapuleikiene.com\/en\/wp-json\/wp\/v2\/product_tag?post=32244"}],"curies":[{"name":"wp","href":"https:\/\/api.w.org\/{rel}","templated":true}]}}