{"id":32280,"date":"2025-03-27T18:50:28","date_gmt":"2025-03-27T16:50:28","guid":{"rendered":"https:\/\/ingapuleikiene.com\/?post_type=product&#038;p=32280"},"modified":"2025-07-14T18:20:55","modified_gmt":"2025-07-14T16:20:55","slug":"virsmas-120x80","status":"publish","type":"product","link":"https:\/\/ingapuleikiene.com\/en\/product\/virsmas-120x80\/","title":{"rendered":"TRANSFORMATION  120\u00d780"},"content":{"rendered":"<p style=\"text-align: left;\">Auth. Inga Puleikiene<\/p>\n<p style=\"text-align: left;\">2023<\/p>\n<p style=\"text-align: left;\">120 cm x 80 cm<\/p>\n<p style=\"text-align: left;\">Acrylic on canvas.<\/p>\n<p style=\"text-align: left;\">Original painting, signed by the author.<\/p>\n<p style=\"text-align: left;\">Without decorative frame.<\/p>","protected":false},"excerpt":{"rendered":"<p>Paveikslas apie keli\u0105, gil\u0173 ir prasming\u0105, apie susitikim\u0105 su savimi.<\/p>\n<p>Tai paveikslas apie tai, kaip mes augame. Tai kvietimas ap\u017evelgti savo nueit\u0105 keli\u0105. Pamatyti, kas pasiekta, kaip subr\u0119sta ir kaip vis dar augama.<\/p>","protected":false},"featured_media":32279,"comment_status":"closed","ping_status":"closed","template":"","meta":{"_monsterinsights_skip_tracking":false,"_monsterinsights_sitenote_active":false,"_monsterinsights_sitenote_note":"","_monsterinsights_sitenote_category":0},"product_brand":[],"product_cat":[26],"product_tag":[],"class_list":{"0":"post-32280","1":"product","2":"type-product","3":"status-publish","4":"has-post-thumbnail","6":"product_cat-paveikslai","7":"pa_aukstis-63","8":"pa_forma-horizontalus","9":"pa_plotis-70","10":"pa_spalvos-ryskios","11":"pa_spalvos-sviesios","12":"pa_tema-abstraktus","14":"first","15":"outofstock","16":"shipping-taxable","17":"product-type-simple"},"yoast_head":"<!-- This site is optimized with the Yoast SEO plugin v25.5 - https:\/\/yoast.com\/wordpress\/plugins\/seo\/ -->\n<title>VIRSMAS 120x80 - Ingos Puleikienes meno galerija<\/title>\n<meta name=\"robots\" content=\"index, follow, max-snippet:-1, max-image-preview:large, max-video-preview:-1\" \/>\n<link rel=\"canonical\" href=\"https:\/\/ingapuleikiene.com\/en\/product\/virsmas-120x80\/\" \/>\n<meta property=\"og:locale\" content=\"en_GB\" \/>\n<meta property=\"og:type\" content=\"article\" \/>\n<meta property=\"og:title\" content=\"VIRSMAS 120x80 - Ingos Puleikienes meno galerija\" \/>\n<meta property=\"og:description\" content=\"Paveikslas apie keli\u0105, gil\u0173 ir prasming\u0105, apie susitikim\u0105 su savimi.  Tai paveikslas apie tai, kaip mes augame. Tai kvietimas ap\u017evelgti savo nueit\u0105 keli\u0105. Pamatyti, kas pasiekta, kaip subr\u0119sta ir kaip vis dar augama.\" \/>\n<meta property=\"og:url\" content=\"https:\/\/ingapuleikiene.com\/en\/product\/virsmas-120x80\/\" \/>\n<meta property=\"og:site_name\" content=\"Ingos Puleikienes meno galerija\" \/>\n<meta property=\"article:publisher\" content=\"https:\/\/www.facebook.com\/ippaveikslugalerija\/\" \/>\n<meta property=\"article:modified_time\" content=\"2025-07-14T16:20:55+00:00\" \/>\n<meta property=\"og:image\" content=\"https:\/\/ingapuleikiene.com\/wp-content\/uploads\/2025\/03\/76-VIRSMAS-2023-120x80-1.jpg\" \/>\n\t<meta property=\"og:image:width\" content=\"2048\" \/>\n\t<meta property=\"og:image:height\" content=\"1352\" \/>\n\t<meta property=\"og:image:type\" content=\"image\/jpeg\" \/>\n<meta name=\"twitter:card\" content=\"summary_large_image\" \/>\n<meta name=\"twitter:label1\" content=\"Estimated reading time\" \/>\n\t<meta name=\"twitter:data1\" content=\"1 minute\" \/>\n<script type=\"application\/ld+json\" class=\"yoast-schema-graph\">{\"@context\":\"https:\/\/schema.org\",\"@graph\":[{\"@type\":\"WebPage\",\"@id\":\"https:\/\/ingapuleikiene.com\/produktas\/virsmas-120x80\/\",\"url\":\"https:\/\/ingapuleikiene.com\/produktas\/virsmas-120x80\/\",\"name\":\"VIRSMAS 120x80 - Ingos Puleikienes meno galerija\",\"isPartOf\":{\"@id\":\"https:\/\/ingapuleikiene.com\/#website\"},\"primaryImageOfPage\":{\"@id\":\"https:\/\/ingapuleikiene.com\/produktas\/virsmas-120x80\/#primaryimage\"},\"image\":{\"@id\":\"https:\/\/ingapuleikiene.com\/produktas\/virsmas-120x80\/#primaryimage\"},\"thumbnailUrl\":\"https:\/\/ingapuleikiene.com\/wp-content\/uploads\/2025\/03\/76-VIRSMAS-2023-120x80-1.jpg\",\"datePublished\":\"2025-03-27T16:50:28+00:00\",\"dateModified\":\"2025-07-14T16:20:55+00:00\",\"breadcrumb\":{\"@id\":\"https:\/\/ingapuleikiene.com\/produktas\/virsmas-120x80\/#breadcrumb\"},\"inLanguage\":\"en-GB\",\"potentialAction\":[{\"@type\":\"ReadAction\",\"target\":[\"https:\/\/ingapuleikiene.com\/produktas\/virsmas-120x80\/\"]}]},{\"@type\":\"ImageObject\",\"inLanguage\":\"en-GB\",\"@id\":\"https:\/\/ingapuleikiene.com\/produktas\/virsmas-120x80\/#primaryimage\",\"url\":\"https:\/\/ingapuleikiene.com\/wp-content\/uploads\/2025\/03\/76-VIRSMAS-2023-120x80-1.jpg\",\"contentUrl\":\"https:\/\/ingapuleikiene.com\/wp-content\/uploads\/2025\/03\/76-VIRSMAS-2023-120x80-1.jpg\",\"width\":2048,\"height\":1352,\"caption\":\"76 VIRSMAS 2023 120x80\"},{\"@type\":\"BreadcrumbList\",\"@id\":\"https:\/\/ingapuleikiene.com\/produktas\/virsmas-120x80\/#breadcrumb\",\"itemListElement\":[{\"@type\":\"ListItem\",\"position\":1,\"name\":\"Pagrindinis\",\"item\":\"https:\/\/ingapuleikiene.com\/\"},{\"@type\":\"ListItem\",\"position\":2,\"name\":\"Katalogas\",\"item\":\"https:\/\/ingapuleikiene.com\/en\/katalogas\/\"},{\"@type\":\"ListItem\",\"position\":3,\"name\":\"VIRSMAS 120&#215;80\"}]},{\"@type\":\"WebSite\",\"@id\":\"https:\/\/ingapuleikiene.com\/#website\",\"url\":\"https:\/\/ingapuleikiene.com\/\",\"name\":\"I.P. - Meno paveikslai, Interjero dizainas, Fotoportretai, Paveikslai interjerui, Dekoracijos\",\"description\":\"Meno paveikslai, Interjero dizainas, Fotoportretai, Paveikslai interjerui, Dekoracijos\",\"publisher\":{\"@id\":\"https:\/\/ingapuleikiene.com\/#organization\"},\"potentialAction\":[{\"@type\":\"SearchAction\",\"target\":{\"@type\":\"EntryPoint\",\"urlTemplate\":\"https:\/\/ingapuleikiene.com\/?s={search_term_string}\"},\"query-input\":{\"@type\":\"PropertyValueSpecification\",\"valueRequired\":true,\"valueName\":\"search_term_string\"}}],\"inLanguage\":\"en-GB\"},{\"@type\":\"Organization\",\"@id\":\"https:\/\/ingapuleikiene.com\/#organization\",\"name\":\"I.P. Art\",\"url\":\"https:\/\/ingapuleikiene.com\/\",\"logo\":{\"@type\":\"ImageObject\",\"inLanguage\":\"en-GB\",\"@id\":\"https:\/\/ingapuleikiene.com\/#\/schema\/logo\/image\/\",\"url\":\"https:\/\/ingapuleikiene.com\/wp-content\/uploads\/2025\/03\/signature.png\",\"contentUrl\":\"https:\/\/ingapuleikiene.com\/wp-content\/uploads\/2025\/03\/signature.png\",\"width\":255,\"height\":104,\"caption\":\"I.P. Art\"},\"image\":{\"@id\":\"https:\/\/ingapuleikiene.com\/#\/schema\/logo\/image\/\"},\"sameAs\":[\"https:\/\/www.facebook.com\/ippaveikslugalerija\/\",\"https:\/\/www.instagram.com\/inga.puleikiene.art\/\"]}]}<\/script>\n<!-- \/ Yoast SEO plugin. -->","yoast_head_json":{"title":"VIRSMAS 120x80 - Ingos Puleikienes meno galerija","robots":{"index":"index","follow":"follow","max-snippet":"max-snippet:-1","max-image-preview":"max-image-preview:large","max-video-preview":"max-video-preview:-1"},"canonical":"https:\/\/ingapuleikiene.com\/en\/product\/virsmas-120x80\/","og_locale":"en_GB","og_type":"article","og_title":"VIRSMAS 120x80 - Ingos Puleikienes meno galerija","og_description":"Paveikslas apie keli\u0105, gil\u0173 ir prasming\u0105, apie susitikim\u0105 su savimi.  Tai paveikslas apie tai, kaip mes augame. Tai kvietimas ap\u017evelgti savo nueit\u0105 keli\u0105. Pamatyti, kas pasiekta, kaip subr\u0119sta ir kaip vis dar augama.","og_url":"https:\/\/ingapuleikiene.com\/en\/product\/virsmas-120x80\/","og_site_name":"Ingos Puleikienes meno galerija","article_publisher":"https:\/\/www.facebook.com\/ippaveikslugalerija\/","article_modified_time":"2025-07-14T16:20:55+00:00","og_image":[{"width":2048,"height":1352,"url":"https:\/\/ingapuleikiene.com\/wp-content\/uploads\/2025\/03\/76-VIRSMAS-2023-120x80-1.jpg","type":"image\/jpeg"}],"twitter_card":"summary_large_image","twitter_misc":{"Estimated reading time":"1 minute"},"schema":{"@context":"https:\/\/schema.org","@graph":[{"@type":"WebPage","@id":"https:\/\/ingapuleikiene.com\/produktas\/virsmas-120x80\/","url":"https:\/\/ingapuleikiene.com\/produktas\/virsmas-120x80\/","name":"VIRSMAS 120x80 - Ingos Puleikienes meno galerija","isPartOf":{"@id":"https:\/\/ingapuleikiene.com\/#website"},"primaryImageOfPage":{"@id":"https:\/\/ingapuleikiene.com\/produktas\/virsmas-120x80\/#primaryimage"},"image":{"@id":"https:\/\/ingapuleikiene.com\/produktas\/virsmas-120x80\/#primaryimage"},"thumbnailUrl":"https:\/\/ingapuleikiene.com\/wp-content\/uploads\/2025\/03\/76-VIRSMAS-2023-120x80-1.jpg","datePublished":"2025-03-27T16:50:28+00:00","dateModified":"2025-07-14T16:20:55+00:00","breadcrumb":{"@id":"https:\/\/ingapuleikiene.com\/produktas\/virsmas-120x80\/#breadcrumb"},"inLanguage":"en-GB","potentialAction":[{"@type":"ReadAction","target":["https:\/\/ingapuleikiene.com\/produktas\/virsmas-120x80\/"]}]},{"@type":"ImageObject","inLanguage":"en-GB","@id":"https:\/\/ingapuleikiene.com\/produktas\/virsmas-120x80\/#primaryimage","url":"https:\/\/ingapuleikiene.com\/wp-content\/uploads\/2025\/03\/76-VIRSMAS-2023-120x80-1.jpg","contentUrl":"https:\/\/ingapuleikiene.com\/wp-content\/uploads\/2025\/03\/76-VIRSMAS-2023-120x80-1.jpg","width":2048,"height":1352,"caption":"76 VIRSMAS 2023 120x80"},{"@type":"BreadcrumbList","@id":"https:\/\/ingapuleikiene.com\/produktas\/virsmas-120x80\/#breadcrumb","itemListElement":[{"@type":"ListItem","position":1,"name":"Pagrindinis","item":"https:\/\/ingapuleikiene.com\/"},{"@type":"ListItem","position":2,"name":"Katalogas","item":"https:\/\/ingapuleikiene.com\/en\/katalogas\/"},{"@type":"ListItem","position":3,"name":"VIRSMAS 120&#215;80"}]},{"@type":"WebSite","@id":"https:\/\/ingapuleikiene.com\/#website","url":"https:\/\/ingapuleikiene.com\/","name":"I.P. - Meno paveikslai, Interjero dizainas, Fotoportretai, Paveikslai interjerui, Dekoracijos","description":"Meno paveikslai, Interjero dizainas, Fotoportretai, Paveikslai interjerui, Dekoracijos","publisher":{"@id":"https:\/\/ingapuleikiene.com\/#organization"},"potentialAction":[{"@type":"SearchAction","target":{"@type":"EntryPoint","urlTemplate":"https:\/\/ingapuleikiene.com\/?s={search_term_string}"},"query-input":{"@type":"PropertyValueSpecification","valueRequired":true,"valueName":"search_term_string"}}],"inLanguage":"en-GB"},{"@type":"Organization","@id":"https:\/\/ingapuleikiene.com\/#organization","name":"I.P. Art","url":"https:\/\/ingapuleikiene.com\/","logo":{"@type":"ImageObject","inLanguage":"en-GB","@id":"https:\/\/ingapuleikiene.com\/#\/schema\/logo\/image\/","url":"https:\/\/ingapuleikiene.com\/wp-content\/uploads\/2025\/03\/signature.png","contentUrl":"https:\/\/ingapuleikiene.com\/wp-content\/uploads\/2025\/03\/signature.png","width":255,"height":104,"caption":"I.P. Art"},"image":{"@id":"https:\/\/ingapuleikiene.com\/#\/schema\/logo\/image\/"},"sameAs":["https:\/\/www.facebook.com\/ippaveikslugalerija\/","https:\/\/www.instagram.com\/inga.puleikiene.art\/"]}]}},"_links":{"self":[{"href":"https:\/\/ingapuleikiene.com\/en\/wp-json\/wp\/v2\/product\/32280","targetHints":{"allow":["GET"]}}],"collection":[{"href":"https:\/\/ingapuleikiene.com\/en\/wp-json\/wp\/v2\/product"}],"about":[{"href":"https:\/\/ingapuleikiene.com\/en\/wp-json\/wp\/v2\/types\/product"}],"replies":[{"embeddable":true,"href":"https:\/\/ingapuleikiene.com\/en\/wp-json\/wp\/v2\/comments?post=32280"}],"wp:featuredmedia":[{"embeddable":true,"href":"https:\/\/ingapuleikiene.com\/en\/wp-json\/wp\/v2\/media\/32279"}],"wp:attachment":[{"href":"https:\/\/ingapuleikiene.com\/en\/wp-json\/wp\/v2\/media?parent=32280"}],"wp:term":[{"taxonomy":"product_brand","embeddable":true,"href":"https:\/\/ingapuleikiene.com\/en\/wp-json\/wp\/v2\/product_brand?post=32280"},{"taxonomy":"product_cat","embeddable":true,"href":"https:\/\/ingapuleikiene.com\/en\/wp-json\/wp\/v2\/product_cat?post=32280"},{"taxonomy":"product_tag","embeddable":true,"href":"https:\/\/ingapuleikiene.com\/en\/wp-json\/wp\/v2\/product_tag?post=32280"}],"curies":[{"name":"wp","href":"https:\/\/api.w.org\/{rel}","templated":true}]}}