{"id":32308,"date":"2025-03-27T19:26:14","date_gmt":"2025-03-27T17:26:14","guid":{"rendered":"https:\/\/ingapuleikiene.com\/?post_type=product&#038;p=32308"},"modified":"2025-07-14T19:27:24","modified_gmt":"2025-07-14T17:27:24","slug":"alyvos-60x40","status":"publish","type":"product","link":"https:\/\/ingapuleikiene.com\/en\/product\/alyvos-60x40\/","title":{"rendered":"LILAC  60x40"},"content":{"rendered":"<p style=\"text-align: left;\">Auth. Inga Puleikiene<\/p>\n<p style=\"text-align: left;\">2024<\/p>\n<p style=\"text-align: left;\">60 cm x 40 cm<\/p>\n<p style=\"text-align: left;\">Acrylic on canvas.<\/p>\n<p style=\"text-align: left;\">Original painting, signed by the author.<\/p>\n<p style=\"text-align: left;\">Without decorative frame.<\/p>","protected":false},"excerpt":{"rendered":"<p>Vaza pilna spalv\u0173 ir aromato \u2014 \u0161velniai violetini\u0173, balt\u0173, sodriai alyvini\u0173 \u017eied\u0173, tarsi ma\u017e\u0173 d\u017eiaugsmo la\u0161\u0173. Jie pasako, kad \u0161i diena \u2014 tavo. Kad rytas gali prasid\u0117ti l\u0117\u010diau, su puodeliu ramyb\u0117s. Kad gro\u017eis ir harmonija gyvena \u010dia pat \u2014 laike, kur\u012f dovanoji sau.<\/p>\n<p>\u0160is paveikslas \u2014 tai priminimas myl\u0117ti save stabtel\u0117jimu, pasteb\u0117jimu. Gyvenimas yra gra\u017eus ne tada, kai jis tobulas, bet kai jis tikras ir i\u0161jaustas.<\/p>\n<p>Tai paveikslas, kuris ne tik puo\u0161ia erdv\u0119, bet ir kvie\u010dia \u012f pabuvim\u0105 su savimi apie tai, kas svarbiausia, apie meil\u0119 sau.<\/p>","protected":false},"featured_media":32306,"comment_status":"closed","ping_status":"closed","template":"","meta":{"_monsterinsights_skip_tracking":false,"_monsterinsights_sitenote_active":false,"_monsterinsights_sitenote_note":"","_monsterinsights_sitenote_category":0},"product_brand":[],"product_cat":[26],"product_tag":[],"class_list":{"0":"post-32308","1":"product","2":"type-product","3":"status-publish","4":"has-post-thumbnail","6":"product_cat-paveikslai","7":"pa_aukstis-81","8":"pa_forma-horizontalus","9":"pa_plotis-89","10":"pa_spalvos-ryskios","11":"pa_tema-natiurmortas","13":"first","14":"instock","15":"shipping-taxable","16":"purchasable","17":"product-type-simple"},"yoast_head":"<!-- This site is optimized with the Yoast SEO plugin v25.5 - https:\/\/yoast.com\/wordpress\/plugins\/seo\/ -->\n<title>ALYVOS 60X40 - Ingos Puleikienes meno galerija<\/title>\n<meta name=\"robots\" content=\"index, follow, max-snippet:-1, max-image-preview:large, max-video-preview:-1\" \/>\n<link rel=\"canonical\" href=\"https:\/\/ingapuleikiene.com\/en\/product\/alyvos-60x40\/\" \/>\n<meta property=\"og:locale\" content=\"en_GB\" \/>\n<meta property=\"og:type\" content=\"article\" \/>\n<meta property=\"og:title\" content=\"ALYVOS 60X40 - Ingos Puleikienes meno galerija\" \/>\n<meta property=\"og:description\" content=\"Vaza pilna spalv\u0173 ir aromato \u2014 \u0161velniai violetini\u0173, balt\u0173, sodriai alyvini\u0173 \u017eied\u0173, tarsi ma\u017e\u0173 d\u017eiaugsmo la\u0161\u0173. Jie pasako, kad \u0161i diena \u2014 tavo. Kad rytas gali prasid\u0117ti l\u0117\u010diau, su puodeliu ramyb\u0117s. Kad gro\u017eis ir harmonija gyvena \u010dia pat \u2014 laike, kur\u012f dovanoji sau.  \u0160is paveikslas \u2014 tai priminimas myl\u0117ti save stabtel\u0117jimu, pasteb\u0117jimu. Gyvenimas yra gra\u017eus ne tada, kai jis tobulas, bet kai jis tikras ir i\u0161jaustas.  Tai paveikslas, kuris ne tik puo\u0161ia erdv\u0119, bet ir kvie\u010dia \u012f pabuvim\u0105 su savimi apie tai, kas svarbiausia, apie meil\u0119 sau.\" \/>\n<meta property=\"og:url\" content=\"https:\/\/ingapuleikiene.com\/en\/product\/alyvos-60x40\/\" \/>\n<meta property=\"og:site_name\" content=\"Ingos Puleikienes meno galerija\" \/>\n<meta property=\"article:publisher\" content=\"https:\/\/www.facebook.com\/ippaveikslugalerija\/\" \/>\n<meta property=\"article:modified_time\" content=\"2025-07-14T17:27:24+00:00\" \/>\n<meta property=\"og:image\" content=\"https:\/\/ingapuleikiene.com\/wp-content\/uploads\/2025\/03\/97-ALYVOS-2024-60x40-1-scaled.jpg\" \/>\n\t<meta property=\"og:image:width\" content=\"2560\" \/>\n\t<meta property=\"og:image:height\" content=\"1695\" \/>\n\t<meta property=\"og:image:type\" content=\"image\/jpeg\" \/>\n<meta name=\"twitter:card\" content=\"summary_large_image\" \/>\n<meta name=\"twitter:label1\" content=\"Estimated reading time\" \/>\n\t<meta name=\"twitter:data1\" content=\"1 minute\" \/>\n<script type=\"application\/ld+json\" class=\"yoast-schema-graph\">{\"@context\":\"https:\/\/schema.org\",\"@graph\":[{\"@type\":\"WebPage\",\"@id\":\"https:\/\/ingapuleikiene.com\/produktas\/alyvos-60x40\/\",\"url\":\"https:\/\/ingapuleikiene.com\/produktas\/alyvos-60x40\/\",\"name\":\"ALYVOS 60X40 - Ingos Puleikienes meno galerija\",\"isPartOf\":{\"@id\":\"https:\/\/ingapuleikiene.com\/#website\"},\"primaryImageOfPage\":{\"@id\":\"https:\/\/ingapuleikiene.com\/produktas\/alyvos-60x40\/#primaryimage\"},\"image\":{\"@id\":\"https:\/\/ingapuleikiene.com\/produktas\/alyvos-60x40\/#primaryimage\"},\"thumbnailUrl\":\"https:\/\/ingapuleikiene.com\/wp-content\/uploads\/2025\/03\/97-ALYVOS-2024-60x40-1-scaled.jpg\",\"datePublished\":\"2025-03-27T17:26:14+00:00\",\"dateModified\":\"2025-07-14T17:27:24+00:00\",\"breadcrumb\":{\"@id\":\"https:\/\/ingapuleikiene.com\/produktas\/alyvos-60x40\/#breadcrumb\"},\"inLanguage\":\"en-GB\",\"potentialAction\":[{\"@type\":\"ReadAction\",\"target\":[\"https:\/\/ingapuleikiene.com\/produktas\/alyvos-60x40\/\"]}]},{\"@type\":\"ImageObject\",\"inLanguage\":\"en-GB\",\"@id\":\"https:\/\/ingapuleikiene.com\/produktas\/alyvos-60x40\/#primaryimage\",\"url\":\"https:\/\/ingapuleikiene.com\/wp-content\/uploads\/2025\/03\/97-ALYVOS-2024-60x40-1-scaled.jpg\",\"contentUrl\":\"https:\/\/ingapuleikiene.com\/wp-content\/uploads\/2025\/03\/97-ALYVOS-2024-60x40-1-scaled.jpg\",\"width\":2560,\"height\":1695,\"caption\":\"97 ALYVOS 2024 60x40\"},{\"@type\":\"BreadcrumbList\",\"@id\":\"https:\/\/ingapuleikiene.com\/produktas\/alyvos-60x40\/#breadcrumb\",\"itemListElement\":[{\"@type\":\"ListItem\",\"position\":1,\"name\":\"Pagrindinis\",\"item\":\"https:\/\/ingapuleikiene.com\/\"},{\"@type\":\"ListItem\",\"position\":2,\"name\":\"Katalogas\",\"item\":\"https:\/\/ingapuleikiene.com\/en\/katalogas\/\"},{\"@type\":\"ListItem\",\"position\":3,\"name\":\"ALYVOS 60X40\"}]},{\"@type\":\"WebSite\",\"@id\":\"https:\/\/ingapuleikiene.com\/#website\",\"url\":\"https:\/\/ingapuleikiene.com\/\",\"name\":\"I.P. - Meno paveikslai, Interjero dizainas, Fotoportretai, Paveikslai interjerui, Dekoracijos\",\"description\":\"Meno paveikslai, Interjero dizainas, Fotoportretai, Paveikslai interjerui, Dekoracijos\",\"publisher\":{\"@id\":\"https:\/\/ingapuleikiene.com\/#organization\"},\"potentialAction\":[{\"@type\":\"SearchAction\",\"target\":{\"@type\":\"EntryPoint\",\"urlTemplate\":\"https:\/\/ingapuleikiene.com\/?s={search_term_string}\"},\"query-input\":{\"@type\":\"PropertyValueSpecification\",\"valueRequired\":true,\"valueName\":\"search_term_string\"}}],\"inLanguage\":\"en-GB\"},{\"@type\":\"Organization\",\"@id\":\"https:\/\/ingapuleikiene.com\/#organization\",\"name\":\"I.P. Art\",\"url\":\"https:\/\/ingapuleikiene.com\/\",\"logo\":{\"@type\":\"ImageObject\",\"inLanguage\":\"en-GB\",\"@id\":\"https:\/\/ingapuleikiene.com\/#\/schema\/logo\/image\/\",\"url\":\"https:\/\/ingapuleikiene.com\/wp-content\/uploads\/2025\/03\/signature.png\",\"contentUrl\":\"https:\/\/ingapuleikiene.com\/wp-content\/uploads\/2025\/03\/signature.png\",\"width\":255,\"height\":104,\"caption\":\"I.P. Art\"},\"image\":{\"@id\":\"https:\/\/ingapuleikiene.com\/#\/schema\/logo\/image\/\"},\"sameAs\":[\"https:\/\/www.facebook.com\/ippaveikslugalerija\/\",\"https:\/\/www.instagram.com\/inga.puleikiene.art\/\"]}]}<\/script>\n<!-- \/ Yoast SEO plugin. -->","yoast_head_json":{"title":"ALYVOS 60X40 - Ingos Puleikienes meno galerija","robots":{"index":"index","follow":"follow","max-snippet":"max-snippet:-1","max-image-preview":"max-image-preview:large","max-video-preview":"max-video-preview:-1"},"canonical":"https:\/\/ingapuleikiene.com\/en\/product\/alyvos-60x40\/","og_locale":"en_GB","og_type":"article","og_title":"ALYVOS 60X40 - Ingos Puleikienes meno galerija","og_description":"Vaza pilna spalv\u0173 ir aromato \u2014 \u0161velniai violetini\u0173, balt\u0173, sodriai alyvini\u0173 \u017eied\u0173, tarsi ma\u017e\u0173 d\u017eiaugsmo la\u0161\u0173. Jie pasako, kad \u0161i diena \u2014 tavo. Kad rytas gali prasid\u0117ti l\u0117\u010diau, su puodeliu ramyb\u0117s. Kad gro\u017eis ir harmonija gyvena \u010dia pat \u2014 laike, kur\u012f dovanoji sau.  \u0160is paveikslas \u2014 tai priminimas myl\u0117ti save stabtel\u0117jimu, pasteb\u0117jimu. Gyvenimas yra gra\u017eus ne tada, kai jis tobulas, bet kai jis tikras ir i\u0161jaustas.  Tai paveikslas, kuris ne tik puo\u0161ia erdv\u0119, bet ir kvie\u010dia \u012f pabuvim\u0105 su savimi apie tai, kas svarbiausia, apie meil\u0119 sau.","og_url":"https:\/\/ingapuleikiene.com\/en\/product\/alyvos-60x40\/","og_site_name":"Ingos Puleikienes meno galerija","article_publisher":"https:\/\/www.facebook.com\/ippaveikslugalerija\/","article_modified_time":"2025-07-14T17:27:24+00:00","og_image":[{"width":2560,"height":1695,"url":"https:\/\/ingapuleikiene.com\/wp-content\/uploads\/2025\/03\/97-ALYVOS-2024-60x40-1-scaled.jpg","type":"image\/jpeg"}],"twitter_card":"summary_large_image","twitter_misc":{"Estimated reading time":"1 minute"},"schema":{"@context":"https:\/\/schema.org","@graph":[{"@type":"WebPage","@id":"https:\/\/ingapuleikiene.com\/produktas\/alyvos-60x40\/","url":"https:\/\/ingapuleikiene.com\/produktas\/alyvos-60x40\/","name":"ALYVOS 60X40 - Ingos Puleikienes meno galerija","isPartOf":{"@id":"https:\/\/ingapuleikiene.com\/#website"},"primaryImageOfPage":{"@id":"https:\/\/ingapuleikiene.com\/produktas\/alyvos-60x40\/#primaryimage"},"image":{"@id":"https:\/\/ingapuleikiene.com\/produktas\/alyvos-60x40\/#primaryimage"},"thumbnailUrl":"https:\/\/ingapuleikiene.com\/wp-content\/uploads\/2025\/03\/97-ALYVOS-2024-60x40-1-scaled.jpg","datePublished":"2025-03-27T17:26:14+00:00","dateModified":"2025-07-14T17:27:24+00:00","breadcrumb":{"@id":"https:\/\/ingapuleikiene.com\/produktas\/alyvos-60x40\/#breadcrumb"},"inLanguage":"en-GB","potentialAction":[{"@type":"ReadAction","target":["https:\/\/ingapuleikiene.com\/produktas\/alyvos-60x40\/"]}]},{"@type":"ImageObject","inLanguage":"en-GB","@id":"https:\/\/ingapuleikiene.com\/produktas\/alyvos-60x40\/#primaryimage","url":"https:\/\/ingapuleikiene.com\/wp-content\/uploads\/2025\/03\/97-ALYVOS-2024-60x40-1-scaled.jpg","contentUrl":"https:\/\/ingapuleikiene.com\/wp-content\/uploads\/2025\/03\/97-ALYVOS-2024-60x40-1-scaled.jpg","width":2560,"height":1695,"caption":"97 ALYVOS 2024 60x40"},{"@type":"BreadcrumbList","@id":"https:\/\/ingapuleikiene.com\/produktas\/alyvos-60x40\/#breadcrumb","itemListElement":[{"@type":"ListItem","position":1,"name":"Pagrindinis","item":"https:\/\/ingapuleikiene.com\/"},{"@type":"ListItem","position":2,"name":"Katalogas","item":"https:\/\/ingapuleikiene.com\/en\/katalogas\/"},{"@type":"ListItem","position":3,"name":"ALYVOS 60X40"}]},{"@type":"WebSite","@id":"https:\/\/ingapuleikiene.com\/#website","url":"https:\/\/ingapuleikiene.com\/","name":"I.P. - Meno paveikslai, Interjero dizainas, Fotoportretai, Paveikslai interjerui, Dekoracijos","description":"Meno paveikslai, Interjero dizainas, Fotoportretai, Paveikslai interjerui, Dekoracijos","publisher":{"@id":"https:\/\/ingapuleikiene.com\/#organization"},"potentialAction":[{"@type":"SearchAction","target":{"@type":"EntryPoint","urlTemplate":"https:\/\/ingapuleikiene.com\/?s={search_term_string}"},"query-input":{"@type":"PropertyValueSpecification","valueRequired":true,"valueName":"search_term_string"}}],"inLanguage":"en-GB"},{"@type":"Organization","@id":"https:\/\/ingapuleikiene.com\/#organization","name":"I.P. Art","url":"https:\/\/ingapuleikiene.com\/","logo":{"@type":"ImageObject","inLanguage":"en-GB","@id":"https:\/\/ingapuleikiene.com\/#\/schema\/logo\/image\/","url":"https:\/\/ingapuleikiene.com\/wp-content\/uploads\/2025\/03\/signature.png","contentUrl":"https:\/\/ingapuleikiene.com\/wp-content\/uploads\/2025\/03\/signature.png","width":255,"height":104,"caption":"I.P. Art"},"image":{"@id":"https:\/\/ingapuleikiene.com\/#\/schema\/logo\/image\/"},"sameAs":["https:\/\/www.facebook.com\/ippaveikslugalerija\/","https:\/\/www.instagram.com\/inga.puleikiene.art\/"]}]}},"_links":{"self":[{"href":"https:\/\/ingapuleikiene.com\/en\/wp-json\/wp\/v2\/product\/32308","targetHints":{"allow":["GET"]}}],"collection":[{"href":"https:\/\/ingapuleikiene.com\/en\/wp-json\/wp\/v2\/product"}],"about":[{"href":"https:\/\/ingapuleikiene.com\/en\/wp-json\/wp\/v2\/types\/product"}],"replies":[{"embeddable":true,"href":"https:\/\/ingapuleikiene.com\/en\/wp-json\/wp\/v2\/comments?post=32308"}],"wp:featuredmedia":[{"embeddable":true,"href":"https:\/\/ingapuleikiene.com\/en\/wp-json\/wp\/v2\/media\/32306"}],"wp:attachment":[{"href":"https:\/\/ingapuleikiene.com\/en\/wp-json\/wp\/v2\/media?parent=32308"}],"wp:term":[{"taxonomy":"product_brand","embeddable":true,"href":"https:\/\/ingapuleikiene.com\/en\/wp-json\/wp\/v2\/product_brand?post=32308"},{"taxonomy":"product_cat","embeddable":true,"href":"https:\/\/ingapuleikiene.com\/en\/wp-json\/wp\/v2\/product_cat?post=32308"},{"taxonomy":"product_tag","embeddable":true,"href":"https:\/\/ingapuleikiene.com\/en\/wp-json\/wp\/v2\/product_tag?post=32308"}],"curies":[{"name":"wp","href":"https:\/\/api.w.org\/{rel}","templated":true}]}}