{"id":32465,"date":"2025-03-30T13:07:30","date_gmt":"2025-03-30T11:07:30","guid":{"rendered":"https:\/\/ingapuleikiene.com\/?post_type=product&#038;p=32465"},"modified":"2025-07-17T19:17:34","modified_gmt":"2025-07-17T17:17:34","slug":"privataus-namo-kiemas","status":"publish","type":"product","link":"https:\/\/ingapuleikiene.com\/en\/product\/privataus-namo-kiemas\/","title":{"rendered":"Private House Landscape"},"content":{"rendered":"<p style=\"font-weight: 400; text-align: left;\">A modern interpretation of a classical garden with influences from the Baltic region and the south of France. This landscape combines the structure and symmetry characteristic of classical gardening with gentle solutions inspired by the Baltic seaside landscape and French lavender fields. Neatly formed spherical boxwoods, symmetrically arranged paths and clearly defined zones create a subtle sense of classicism, while natural plants \u2013 lavender, miscanthus, pines, hydrangeas \u2013 provide the freedom and lightness of nature.<\/p>\n<p style=\"font-weight: 400; text-align: left;\">The color palette remains subdued and soothing \u2013 greenish-gray tones, white flowers and the natural texture of wood and stone. This is not only an aesthetic but also an emotionally sustainable garden \u2013 a haven of peace for every day.<\/p>\n<p style=\"font-weight: 400; text-align: left;\">This landscape design embodies a subtle synthesis of the modern classical garden and the aesthetics of the Northern European coast, complemented by the atmosphere of the fields of Provence and the Baltic Lithuanian seaside. The naturalness of the Baltic coastal vegetation and the lightness of the lavender field characteristic of the Provence region give the garden a touch of a gentle and even slightly romantic atmosphere.<\/p>\n<p style=\"font-weight: 400; text-align: left;\">The structure is shaped by clear path layouts, a strict rhythm of greenery and shaped evergreen plants. However, their geometric rigor is softened by vegetation full of movement: gently swaying willows \u2013 both swaying forms and small-leaved \u2013 create a living picture, constantly changing with the wind. This not only enhances the impression of naturalness, but also gives the composition a sense of movement, a gentle breeze, soft-shaped plants visually soften the composition. Modern butterfly-shaped chairs create a meditative, relaxation area.<\/p>","protected":false},"excerpt":{"rendered":"<p>\u0160iuolaiki\u0161ka klasikinio sodo interpretacija su Baltijos regiono ir Pranc\u016bzijos piet\u0173 \u012ftaka. \u0160is kra\u0161tovaizdis apjungia klasikinei sodininkystei b\u016bding\u0105 strukt\u016bri\u0161kum\u0105 ir simetrij\u0105<\/p>","protected":false},"featured_media":32517,"comment_status":"closed","ping_status":"closed","template":"","meta":{"_monsterinsights_skip_tracking":false,"_monsterinsights_sitenote_active":false,"_monsterinsights_sitenote_note":"","_monsterinsights_sitenote_category":0},"product_brand":[],"product_cat":[54],"product_tag":[],"class_list":{"0":"post-32465","1":"product","2":"type-product","3":"status-publish","4":"has-post-thumbnail","6":"product_cat-interjero-dizainas","8":"first","9":"instock","10":"shipping-taxable","11":"product-type-simple"},"yoast_head":"<!-- This site is optimized with the Yoast SEO plugin v25.5 - https:\/\/yoast.com\/wordpress\/plugins\/seo\/ -->\n<title>Privataus namo kra\u0161tovaizdis - Ingos Puleikienes meno galerija<\/title>\n<meta name=\"robots\" content=\"index, follow, max-snippet:-1, max-image-preview:large, max-video-preview:-1\" \/>\n<link rel=\"canonical\" href=\"https:\/\/ingapuleikiene.com\/en\/product\/privataus-namo-kiemas\/\" \/>\n<meta property=\"og:locale\" content=\"en_GB\" \/>\n<meta property=\"og:type\" content=\"article\" \/>\n<meta property=\"og:title\" content=\"Privataus namo kra\u0161tovaizdis - Ingos Puleikienes meno galerija\" \/>\n<meta property=\"og:description\" content=\"\u0160iuolaiki\u0161ka klasikinio sodo interpretacija su Baltijos regiono ir Pranc\u016bzijos piet\u0173 \u012ftaka. \u0160is kra\u0161tovaizdis apjungia klasikinei sodininkystei b\u016bding\u0105 strukt\u016bri\u0161kum\u0105 ir simetrij\u0105\" \/>\n<meta property=\"og:url\" content=\"https:\/\/ingapuleikiene.com\/en\/product\/privataus-namo-kiemas\/\" \/>\n<meta property=\"og:site_name\" content=\"Ingos Puleikienes meno galerija\" \/>\n<meta property=\"article:publisher\" content=\"https:\/\/www.facebook.com\/ippaveikslugalerija\/\" \/>\n<meta property=\"article:modified_time\" content=\"2025-07-17T17:17:34+00:00\" \/>\n<meta property=\"og:image\" content=\"https:\/\/ingapuleikiene.com\/wp-content\/uploads\/2025\/03\/IMG_8016-2-1022x1024.jpg\" \/>\n\t<meta property=\"og:image:width\" content=\"1022\" \/>\n\t<meta property=\"og:image:height\" content=\"1024\" \/>\n\t<meta property=\"og:image:type\" content=\"image\/jpeg\" \/>\n<meta name=\"twitter:card\" content=\"summary_large_image\" \/>\n<meta name=\"twitter:label1\" content=\"Estimated reading time\" \/>\n\t<meta name=\"twitter:data1\" content=\"2 minutes\" \/>\n<script type=\"application\/ld+json\" class=\"yoast-schema-graph\">{\"@context\":\"https:\/\/schema.org\",\"@graph\":[{\"@type\":\"WebPage\",\"@id\":\"https:\/\/ingapuleikiene.com\/produktas\/privataus-namo-kiemas\/\",\"url\":\"https:\/\/ingapuleikiene.com\/produktas\/privataus-namo-kiemas\/\",\"name\":\"Privataus namo kra\u0161tovaizdis - Ingos Puleikienes meno galerija\",\"isPartOf\":{\"@id\":\"https:\/\/ingapuleikiene.com\/#website\"},\"primaryImageOfPage\":{\"@id\":\"https:\/\/ingapuleikiene.com\/produktas\/privataus-namo-kiemas\/#primaryimage\"},\"image\":{\"@id\":\"https:\/\/ingapuleikiene.com\/produktas\/privataus-namo-kiemas\/#primaryimage\"},\"thumbnailUrl\":\"https:\/\/ingapuleikiene.com\/wp-content\/uploads\/2025\/03\/IMG_8016-2.jpg\",\"datePublished\":\"2025-03-30T11:07:30+00:00\",\"dateModified\":\"2025-07-17T17:17:34+00:00\",\"breadcrumb\":{\"@id\":\"https:\/\/ingapuleikiene.com\/produktas\/privataus-namo-kiemas\/#breadcrumb\"},\"inLanguage\":\"en-GB\",\"potentialAction\":[{\"@type\":\"ReadAction\",\"target\":[\"https:\/\/ingapuleikiene.com\/produktas\/privataus-namo-kiemas\/\"]}]},{\"@type\":\"ImageObject\",\"inLanguage\":\"en-GB\",\"@id\":\"https:\/\/ingapuleikiene.com\/produktas\/privataus-namo-kiemas\/#primaryimage\",\"url\":\"https:\/\/ingapuleikiene.com\/wp-content\/uploads\/2025\/03\/IMG_8016-2.jpg\",\"contentUrl\":\"https:\/\/ingapuleikiene.com\/wp-content\/uploads\/2025\/03\/IMG_8016-2.jpg\",\"width\":2044,\"height\":2048,\"caption\":\"IMG 8016\"},{\"@type\":\"BreadcrumbList\",\"@id\":\"https:\/\/ingapuleikiene.com\/produktas\/privataus-namo-kiemas\/#breadcrumb\",\"itemListElement\":[{\"@type\":\"ListItem\",\"position\":1,\"name\":\"Pagrindinis\",\"item\":\"https:\/\/ingapuleikiene.com\/\"},{\"@type\":\"ListItem\",\"position\":2,\"name\":\"Katalogas\",\"item\":\"https:\/\/ingapuleikiene.com\/en\/katalogas\/\"},{\"@type\":\"ListItem\",\"position\":3,\"name\":\"Privataus namo kra\u0161tovaizdis\"}]},{\"@type\":\"WebSite\",\"@id\":\"https:\/\/ingapuleikiene.com\/#website\",\"url\":\"https:\/\/ingapuleikiene.com\/\",\"name\":\"I.P. - Meno paveikslai, Interjero dizainas, Fotoportretai, Paveikslai interjerui, Dekoracijos\",\"description\":\"Meno paveikslai, Interjero dizainas, Fotoportretai, Paveikslai interjerui, Dekoracijos\",\"publisher\":{\"@id\":\"https:\/\/ingapuleikiene.com\/#organization\"},\"potentialAction\":[{\"@type\":\"SearchAction\",\"target\":{\"@type\":\"EntryPoint\",\"urlTemplate\":\"https:\/\/ingapuleikiene.com\/?s={search_term_string}\"},\"query-input\":{\"@type\":\"PropertyValueSpecification\",\"valueRequired\":true,\"valueName\":\"search_term_string\"}}],\"inLanguage\":\"en-GB\"},{\"@type\":\"Organization\",\"@id\":\"https:\/\/ingapuleikiene.com\/#organization\",\"name\":\"I.P. Art\",\"url\":\"https:\/\/ingapuleikiene.com\/\",\"logo\":{\"@type\":\"ImageObject\",\"inLanguage\":\"en-GB\",\"@id\":\"https:\/\/ingapuleikiene.com\/#\/schema\/logo\/image\/\",\"url\":\"https:\/\/ingapuleikiene.com\/wp-content\/uploads\/2025\/03\/signature.png\",\"contentUrl\":\"https:\/\/ingapuleikiene.com\/wp-content\/uploads\/2025\/03\/signature.png\",\"width\":255,\"height\":104,\"caption\":\"I.P. Art\"},\"image\":{\"@id\":\"https:\/\/ingapuleikiene.com\/#\/schema\/logo\/image\/\"},\"sameAs\":[\"https:\/\/www.facebook.com\/ippaveikslugalerija\/\",\"https:\/\/www.instagram.com\/inga.puleikiene.art\/\"]}]}<\/script>\n<!-- \/ Yoast SEO plugin. -->","yoast_head_json":{"title":"Privataus namo kra\u0161tovaizdis - Ingos Puleikienes meno galerija","robots":{"index":"index","follow":"follow","max-snippet":"max-snippet:-1","max-image-preview":"max-image-preview:large","max-video-preview":"max-video-preview:-1"},"canonical":"https:\/\/ingapuleikiene.com\/en\/product\/privataus-namo-kiemas\/","og_locale":"en_GB","og_type":"article","og_title":"Privataus namo kra\u0161tovaizdis - Ingos Puleikienes meno galerija","og_description":"\u0160iuolaiki\u0161ka klasikinio sodo interpretacija su Baltijos regiono ir Pranc\u016bzijos piet\u0173 \u012ftaka. \u0160is kra\u0161tovaizdis apjungia klasikinei sodininkystei b\u016bding\u0105 strukt\u016bri\u0161kum\u0105 ir simetrij\u0105","og_url":"https:\/\/ingapuleikiene.com\/en\/product\/privataus-namo-kiemas\/","og_site_name":"Ingos Puleikienes meno galerija","article_publisher":"https:\/\/www.facebook.com\/ippaveikslugalerija\/","article_modified_time":"2025-07-17T17:17:34+00:00","og_image":[{"width":1022,"height":1024,"url":"https:\/\/ingapuleikiene.com\/wp-content\/uploads\/2025\/03\/IMG_8016-2-1022x1024.jpg","type":"image\/jpeg"}],"twitter_card":"summary_large_image","twitter_misc":{"Estimated reading time":"2 minutes"},"schema":{"@context":"https:\/\/schema.org","@graph":[{"@type":"WebPage","@id":"https:\/\/ingapuleikiene.com\/produktas\/privataus-namo-kiemas\/","url":"https:\/\/ingapuleikiene.com\/produktas\/privataus-namo-kiemas\/","name":"Privataus namo kra\u0161tovaizdis - Ingos Puleikienes meno galerija","isPartOf":{"@id":"https:\/\/ingapuleikiene.com\/#website"},"primaryImageOfPage":{"@id":"https:\/\/ingapuleikiene.com\/produktas\/privataus-namo-kiemas\/#primaryimage"},"image":{"@id":"https:\/\/ingapuleikiene.com\/produktas\/privataus-namo-kiemas\/#primaryimage"},"thumbnailUrl":"https:\/\/ingapuleikiene.com\/wp-content\/uploads\/2025\/03\/IMG_8016-2.jpg","datePublished":"2025-03-30T11:07:30+00:00","dateModified":"2025-07-17T17:17:34+00:00","breadcrumb":{"@id":"https:\/\/ingapuleikiene.com\/produktas\/privataus-namo-kiemas\/#breadcrumb"},"inLanguage":"en-GB","potentialAction":[{"@type":"ReadAction","target":["https:\/\/ingapuleikiene.com\/produktas\/privataus-namo-kiemas\/"]}]},{"@type":"ImageObject","inLanguage":"en-GB","@id":"https:\/\/ingapuleikiene.com\/produktas\/privataus-namo-kiemas\/#primaryimage","url":"https:\/\/ingapuleikiene.com\/wp-content\/uploads\/2025\/03\/IMG_8016-2.jpg","contentUrl":"https:\/\/ingapuleikiene.com\/wp-content\/uploads\/2025\/03\/IMG_8016-2.jpg","width":2044,"height":2048,"caption":"IMG 8016"},{"@type":"BreadcrumbList","@id":"https:\/\/ingapuleikiene.com\/produktas\/privataus-namo-kiemas\/#breadcrumb","itemListElement":[{"@type":"ListItem","position":1,"name":"Pagrindinis","item":"https:\/\/ingapuleikiene.com\/"},{"@type":"ListItem","position":2,"name":"Katalogas","item":"https:\/\/ingapuleikiene.com\/en\/katalogas\/"},{"@type":"ListItem","position":3,"name":"Privataus namo kra\u0161tovaizdis"}]},{"@type":"WebSite","@id":"https:\/\/ingapuleikiene.com\/#website","url":"https:\/\/ingapuleikiene.com\/","name":"I.P. - Meno paveikslai, Interjero dizainas, Fotoportretai, Paveikslai interjerui, Dekoracijos","description":"Meno paveikslai, Interjero dizainas, Fotoportretai, Paveikslai interjerui, Dekoracijos","publisher":{"@id":"https:\/\/ingapuleikiene.com\/#organization"},"potentialAction":[{"@type":"SearchAction","target":{"@type":"EntryPoint","urlTemplate":"https:\/\/ingapuleikiene.com\/?s={search_term_string}"},"query-input":{"@type":"PropertyValueSpecification","valueRequired":true,"valueName":"search_term_string"}}],"inLanguage":"en-GB"},{"@type":"Organization","@id":"https:\/\/ingapuleikiene.com\/#organization","name":"I.P. Art","url":"https:\/\/ingapuleikiene.com\/","logo":{"@type":"ImageObject","inLanguage":"en-GB","@id":"https:\/\/ingapuleikiene.com\/#\/schema\/logo\/image\/","url":"https:\/\/ingapuleikiene.com\/wp-content\/uploads\/2025\/03\/signature.png","contentUrl":"https:\/\/ingapuleikiene.com\/wp-content\/uploads\/2025\/03\/signature.png","width":255,"height":104,"caption":"I.P. Art"},"image":{"@id":"https:\/\/ingapuleikiene.com\/#\/schema\/logo\/image\/"},"sameAs":["https:\/\/www.facebook.com\/ippaveikslugalerija\/","https:\/\/www.instagram.com\/inga.puleikiene.art\/"]}]}},"_links":{"self":[{"href":"https:\/\/ingapuleikiene.com\/en\/wp-json\/wp\/v2\/product\/32465","targetHints":{"allow":["GET"]}}],"collection":[{"href":"https:\/\/ingapuleikiene.com\/en\/wp-json\/wp\/v2\/product"}],"about":[{"href":"https:\/\/ingapuleikiene.com\/en\/wp-json\/wp\/v2\/types\/product"}],"replies":[{"embeddable":true,"href":"https:\/\/ingapuleikiene.com\/en\/wp-json\/wp\/v2\/comments?post=32465"}],"wp:featuredmedia":[{"embeddable":true,"href":"https:\/\/ingapuleikiene.com\/en\/wp-json\/wp\/v2\/media\/32517"}],"wp:attachment":[{"href":"https:\/\/ingapuleikiene.com\/en\/wp-json\/wp\/v2\/media?parent=32465"}],"wp:term":[{"taxonomy":"product_brand","embeddable":true,"href":"https:\/\/ingapuleikiene.com\/en\/wp-json\/wp\/v2\/product_brand?post=32465"},{"taxonomy":"product_cat","embeddable":true,"href":"https:\/\/ingapuleikiene.com\/en\/wp-json\/wp\/v2\/product_cat?post=32465"},{"taxonomy":"product_tag","embeddable":true,"href":"https:\/\/ingapuleikiene.com\/en\/wp-json\/wp\/v2\/product_tag?post=32465"}],"curies":[{"name":"wp","href":"https:\/\/api.w.org\/{rel}","templated":true}]}}