{"id":32483,"date":"2025-03-31T09:24:39","date_gmt":"2025-03-31T07:24:39","guid":{"rendered":"https:\/\/ingapuleikiene.com\/?post_type=product&#038;p=32483"},"modified":"2025-07-17T19:22:55","modified_gmt":"2025-07-17T17:22:55","slug":"modernios-klasikos-stiliaus-gyvenamasis-namas-kopija","status":"publish","type":"product","link":"https:\/\/ingapuleikiene.com\/en\/product\/modernios-klasikos-stiliaus-gyvenamasis-namas-kopija\/","title":{"rendered":"Transitional Style Residential House"},"content":{"rendered":"<p style=\"font-weight: 400;\">Pereinamojo (transitional) stiliaus gyvenamojo namo\u00a0interjeras, kuriuose dera klasikiniai ir \u0161iuolaiki\u0161ki elementai. Modernios klasikos\u00a0stilius i\u0161laiko klasikos proporcijas, simetrij\u0105 ir dekoro subtilum\u0105, ta\u010diau papildomas \u0161iuolaikin\u0117mis med\u017eiagomis, spalv\u0173 palete bei moderniais akcentais. \u0160is stilius sujungia klasikin\u012f jaukum\u0105 su \u0161iuolaikiniu paprastumu. Jam b\u016bdinga supaprastinta klasika &#8211; lenktos bald\u0173 formos, be lipdini\u0173 ar detali\u0173 gausos, mink\u0161tumas,\u00a0jauki tekstil\u0117, apvalinti kampai, patog\u016bs baldai, neutralios, \u0161iltos spalvos,\u00a0sm\u0117lio, \u0161viesiai pilka, \u0161ampano, pieno spalva, lengva elegancija &#8211; ma\u017eiau blizgesio, daugiau \u0161velnumo, \u0161ilumos, dekoras\u00a0neperkrautas, bet jaukus \u2013 pagalv\u0117l\u0117s, vazos, \u0161viestuvai.<\/p>\n<p style=\"font-weight: 400;\">The layout of a classic interior gives a sense of stability. Neutral colors create an elegant and timeless atmosphere, wooden floors, marble-patterned countertops give a sense of luxury and durability. Decorative, but not overly decorated lighting fixtures, decorative furniture elements create a subtle, but luxurious aesthetic.<\/p>\n<p style=\"font-weight: 400;\">This is an interior that would appeal to people who appreciate the harmony of classics and modernity, who want a cozy, but at the same time luxurious home atmosphere, a person who wants to live beautifully and comfortably, who likes timeless solutions without sharp contrasts. This style is intended for people who appreciate the sophistication of classics, but want a modern, cozy home atmosphere. Such an interior is long-lasting - it does not go out of fashion and adapts to the pace of life.<\/p>","protected":false},"excerpt":{"rendered":"<p>Pereinamojo (transitional) stiliaus gyvenamojo namo\u00a0interjeras, kuriuose dera klasikiniai ir \u0161iuolaiki\u0161ki elementai. Modernios klasikos\u00a0stilius i\u0161laiko klasikos proporcijas, simetrij\u0105 ir dekoro subtilum\u0105,<\/p>","protected":false},"featured_media":32459,"comment_status":"closed","ping_status":"closed","template":"","meta":{"_monsterinsights_skip_tracking":false,"_monsterinsights_sitenote_active":false,"_monsterinsights_sitenote_note":"","_monsterinsights_sitenote_category":0},"product_brand":[],"product_cat":[54],"product_tag":[],"class_list":{"0":"post-32483","1":"product","2":"type-product","3":"status-publish","4":"has-post-thumbnail","6":"product_cat-interjero-dizainas","8":"first","9":"instock","10":"shipping-taxable","11":"product-type-simple"},"yoast_head":"<!-- This site is optimized with the Yoast SEO plugin v25.5 - https:\/\/yoast.com\/wordpress\/plugins\/seo\/ -->\n<title>Pereinamojo (transitional) stiliaus gyvenamasis namas - Ingos Puleikienes meno galerija<\/title>\n<meta name=\"robots\" content=\"index, follow, max-snippet:-1, max-image-preview:large, max-video-preview:-1\" \/>\n<link rel=\"canonical\" href=\"https:\/\/ingapuleikiene.com\/en\/product\/modernios-klasikos-stiliaus-gyvenamasis-namas-kopija\/\" \/>\n<meta property=\"og:locale\" content=\"en_GB\" \/>\n<meta property=\"og:type\" content=\"article\" \/>\n<meta property=\"og:title\" content=\"Pereinamojo (transitional) stiliaus gyvenamasis namas - Ingos Puleikienes meno galerija\" \/>\n<meta property=\"og:description\" content=\"Pereinamojo (transitional) stiliaus gyvenamojo namo\u00a0interjeras, kuriuose dera klasikiniai ir \u0161iuolaiki\u0161ki elementai. Modernios klasikos\u00a0stilius i\u0161laiko klasikos proporcijas, simetrij\u0105 ir dekoro subtilum\u0105,\" \/>\n<meta property=\"og:url\" content=\"https:\/\/ingapuleikiene.com\/en\/product\/modernios-klasikos-stiliaus-gyvenamasis-namas-kopija\/\" \/>\n<meta property=\"og:site_name\" content=\"Ingos Puleikienes meno galerija\" \/>\n<meta property=\"article:publisher\" content=\"https:\/\/www.facebook.com\/ippaveikslugalerija\/\" \/>\n<meta property=\"article:modified_time\" content=\"2025-07-17T17:22:55+00:00\" \/>\n<meta property=\"og:image\" content=\"https:\/\/ingapuleikiene.com\/wp-content\/uploads\/2025\/03\/IMG_3154Edited-scaled.jpg\" \/>\n\t<meta property=\"og:image:width\" content=\"2002\" \/>\n\t<meta property=\"og:image:height\" content=\"2560\" \/>\n\t<meta property=\"og:image:type\" content=\"image\/jpeg\" \/>\n<meta name=\"twitter:card\" content=\"summary_large_image\" \/>\n<meta name=\"twitter:label1\" content=\"Estimated reading time\" \/>\n\t<meta name=\"twitter:data1\" content=\"2 minutes\" \/>\n<script type=\"application\/ld+json\" class=\"yoast-schema-graph\">{\"@context\":\"https:\/\/schema.org\",\"@graph\":[{\"@type\":\"WebPage\",\"@id\":\"https:\/\/ingapuleikiene.com\/produktas\/modernios-klasikos-stiliaus-gyvenamasis-namas-kopija\/\",\"url\":\"https:\/\/ingapuleikiene.com\/produktas\/modernios-klasikos-stiliaus-gyvenamasis-namas-kopija\/\",\"name\":\"Pereinamojo (transitional) stiliaus gyvenamasis namas - Ingos Puleikienes meno galerija\",\"isPartOf\":{\"@id\":\"https:\/\/ingapuleikiene.com\/#website\"},\"primaryImageOfPage\":{\"@id\":\"https:\/\/ingapuleikiene.com\/produktas\/modernios-klasikos-stiliaus-gyvenamasis-namas-kopija\/#primaryimage\"},\"image\":{\"@id\":\"https:\/\/ingapuleikiene.com\/produktas\/modernios-klasikos-stiliaus-gyvenamasis-namas-kopija\/#primaryimage\"},\"thumbnailUrl\":\"https:\/\/ingapuleikiene.com\/wp-content\/uploads\/2025\/03\/IMG_3154Edited-scaled.jpg\",\"datePublished\":\"2025-03-31T07:24:39+00:00\",\"dateModified\":\"2025-07-17T17:22:55+00:00\",\"breadcrumb\":{\"@id\":\"https:\/\/ingapuleikiene.com\/produktas\/modernios-klasikos-stiliaus-gyvenamasis-namas-kopija\/#breadcrumb\"},\"inLanguage\":\"en-GB\",\"potentialAction\":[{\"@type\":\"ReadAction\",\"target\":[\"https:\/\/ingapuleikiene.com\/produktas\/modernios-klasikos-stiliaus-gyvenamasis-namas-kopija\/\"]}]},{\"@type\":\"ImageObject\",\"inLanguage\":\"en-GB\",\"@id\":\"https:\/\/ingapuleikiene.com\/produktas\/modernios-klasikos-stiliaus-gyvenamasis-namas-kopija\/#primaryimage\",\"url\":\"https:\/\/ingapuleikiene.com\/wp-content\/uploads\/2025\/03\/IMG_3154Edited-scaled.jpg\",\"contentUrl\":\"https:\/\/ingapuleikiene.com\/wp-content\/uploads\/2025\/03\/IMG_3154Edited-scaled.jpg\",\"width\":2002,\"height\":2560,\"caption\":\"IMG 3154(Edited)\"},{\"@type\":\"BreadcrumbList\",\"@id\":\"https:\/\/ingapuleikiene.com\/produktas\/modernios-klasikos-stiliaus-gyvenamasis-namas-kopija\/#breadcrumb\",\"itemListElement\":[{\"@type\":\"ListItem\",\"position\":1,\"name\":\"Pagrindinis\",\"item\":\"https:\/\/ingapuleikiene.com\/\"},{\"@type\":\"ListItem\",\"position\":2,\"name\":\"Katalogas\",\"item\":\"https:\/\/ingapuleikiene.com\/en\/katalogas\/\"},{\"@type\":\"ListItem\",\"position\":3,\"name\":\"Pereinamojo (transitional) stiliaus gyvenamasis namas\"}]},{\"@type\":\"WebSite\",\"@id\":\"https:\/\/ingapuleikiene.com\/#website\",\"url\":\"https:\/\/ingapuleikiene.com\/\",\"name\":\"I.P. - Meno paveikslai, Interjero dizainas, Fotoportretai, Paveikslai interjerui, Dekoracijos\",\"description\":\"Meno paveikslai, Interjero dizainas, Fotoportretai, Paveikslai interjerui, Dekoracijos\",\"publisher\":{\"@id\":\"https:\/\/ingapuleikiene.com\/#organization\"},\"potentialAction\":[{\"@type\":\"SearchAction\",\"target\":{\"@type\":\"EntryPoint\",\"urlTemplate\":\"https:\/\/ingapuleikiene.com\/?s={search_term_string}\"},\"query-input\":{\"@type\":\"PropertyValueSpecification\",\"valueRequired\":true,\"valueName\":\"search_term_string\"}}],\"inLanguage\":\"en-GB\"},{\"@type\":\"Organization\",\"@id\":\"https:\/\/ingapuleikiene.com\/#organization\",\"name\":\"I.P. Art\",\"url\":\"https:\/\/ingapuleikiene.com\/\",\"logo\":{\"@type\":\"ImageObject\",\"inLanguage\":\"en-GB\",\"@id\":\"https:\/\/ingapuleikiene.com\/#\/schema\/logo\/image\/\",\"url\":\"https:\/\/ingapuleikiene.com\/wp-content\/uploads\/2025\/03\/signature.png\",\"contentUrl\":\"https:\/\/ingapuleikiene.com\/wp-content\/uploads\/2025\/03\/signature.png\",\"width\":255,\"height\":104,\"caption\":\"I.P. Art\"},\"image\":{\"@id\":\"https:\/\/ingapuleikiene.com\/#\/schema\/logo\/image\/\"},\"sameAs\":[\"https:\/\/www.facebook.com\/ippaveikslugalerija\/\",\"https:\/\/www.instagram.com\/inga.puleikiene.art\/\"]}]}<\/script>\n<!-- \/ Yoast SEO plugin. -->","yoast_head_json":{"title":"Pereinamojo (transitional) stiliaus gyvenamasis namas - Ingos Puleikienes meno galerija","robots":{"index":"index","follow":"follow","max-snippet":"max-snippet:-1","max-image-preview":"max-image-preview:large","max-video-preview":"max-video-preview:-1"},"canonical":"https:\/\/ingapuleikiene.com\/en\/product\/modernios-klasikos-stiliaus-gyvenamasis-namas-kopija\/","og_locale":"en_GB","og_type":"article","og_title":"Pereinamojo (transitional) stiliaus gyvenamasis namas - Ingos Puleikienes meno galerija","og_description":"Pereinamojo (transitional) stiliaus gyvenamojo namo\u00a0interjeras, kuriuose dera klasikiniai ir \u0161iuolaiki\u0161ki elementai. Modernios klasikos\u00a0stilius i\u0161laiko klasikos proporcijas, simetrij\u0105 ir dekoro subtilum\u0105,","og_url":"https:\/\/ingapuleikiene.com\/en\/product\/modernios-klasikos-stiliaus-gyvenamasis-namas-kopija\/","og_site_name":"Ingos Puleikienes meno galerija","article_publisher":"https:\/\/www.facebook.com\/ippaveikslugalerija\/","article_modified_time":"2025-07-17T17:22:55+00:00","og_image":[{"width":2002,"height":2560,"url":"https:\/\/ingapuleikiene.com\/wp-content\/uploads\/2025\/03\/IMG_3154Edited-scaled.jpg","type":"image\/jpeg"}],"twitter_card":"summary_large_image","twitter_misc":{"Estimated reading time":"2 minutes"},"schema":{"@context":"https:\/\/schema.org","@graph":[{"@type":"WebPage","@id":"https:\/\/ingapuleikiene.com\/produktas\/modernios-klasikos-stiliaus-gyvenamasis-namas-kopija\/","url":"https:\/\/ingapuleikiene.com\/produktas\/modernios-klasikos-stiliaus-gyvenamasis-namas-kopija\/","name":"Pereinamojo (transitional) stiliaus gyvenamasis namas - Ingos Puleikienes meno galerija","isPartOf":{"@id":"https:\/\/ingapuleikiene.com\/#website"},"primaryImageOfPage":{"@id":"https:\/\/ingapuleikiene.com\/produktas\/modernios-klasikos-stiliaus-gyvenamasis-namas-kopija\/#primaryimage"},"image":{"@id":"https:\/\/ingapuleikiene.com\/produktas\/modernios-klasikos-stiliaus-gyvenamasis-namas-kopija\/#primaryimage"},"thumbnailUrl":"https:\/\/ingapuleikiene.com\/wp-content\/uploads\/2025\/03\/IMG_3154Edited-scaled.jpg","datePublished":"2025-03-31T07:24:39+00:00","dateModified":"2025-07-17T17:22:55+00:00","breadcrumb":{"@id":"https:\/\/ingapuleikiene.com\/produktas\/modernios-klasikos-stiliaus-gyvenamasis-namas-kopija\/#breadcrumb"},"inLanguage":"en-GB","potentialAction":[{"@type":"ReadAction","target":["https:\/\/ingapuleikiene.com\/produktas\/modernios-klasikos-stiliaus-gyvenamasis-namas-kopija\/"]}]},{"@type":"ImageObject","inLanguage":"en-GB","@id":"https:\/\/ingapuleikiene.com\/produktas\/modernios-klasikos-stiliaus-gyvenamasis-namas-kopija\/#primaryimage","url":"https:\/\/ingapuleikiene.com\/wp-content\/uploads\/2025\/03\/IMG_3154Edited-scaled.jpg","contentUrl":"https:\/\/ingapuleikiene.com\/wp-content\/uploads\/2025\/03\/IMG_3154Edited-scaled.jpg","width":2002,"height":2560,"caption":"IMG 3154(Edited)"},{"@type":"BreadcrumbList","@id":"https:\/\/ingapuleikiene.com\/produktas\/modernios-klasikos-stiliaus-gyvenamasis-namas-kopija\/#breadcrumb","itemListElement":[{"@type":"ListItem","position":1,"name":"Pagrindinis","item":"https:\/\/ingapuleikiene.com\/"},{"@type":"ListItem","position":2,"name":"Katalogas","item":"https:\/\/ingapuleikiene.com\/en\/katalogas\/"},{"@type":"ListItem","position":3,"name":"Pereinamojo (transitional) stiliaus gyvenamasis namas"}]},{"@type":"WebSite","@id":"https:\/\/ingapuleikiene.com\/#website","url":"https:\/\/ingapuleikiene.com\/","name":"I.P. - Meno paveikslai, Interjero dizainas, Fotoportretai, Paveikslai interjerui, Dekoracijos","description":"Meno paveikslai, Interjero dizainas, Fotoportretai, Paveikslai interjerui, Dekoracijos","publisher":{"@id":"https:\/\/ingapuleikiene.com\/#organization"},"potentialAction":[{"@type":"SearchAction","target":{"@type":"EntryPoint","urlTemplate":"https:\/\/ingapuleikiene.com\/?s={search_term_string}"},"query-input":{"@type":"PropertyValueSpecification","valueRequired":true,"valueName":"search_term_string"}}],"inLanguage":"en-GB"},{"@type":"Organization","@id":"https:\/\/ingapuleikiene.com\/#organization","name":"I.P. Art","url":"https:\/\/ingapuleikiene.com\/","logo":{"@type":"ImageObject","inLanguage":"en-GB","@id":"https:\/\/ingapuleikiene.com\/#\/schema\/logo\/image\/","url":"https:\/\/ingapuleikiene.com\/wp-content\/uploads\/2025\/03\/signature.png","contentUrl":"https:\/\/ingapuleikiene.com\/wp-content\/uploads\/2025\/03\/signature.png","width":255,"height":104,"caption":"I.P. Art"},"image":{"@id":"https:\/\/ingapuleikiene.com\/#\/schema\/logo\/image\/"},"sameAs":["https:\/\/www.facebook.com\/ippaveikslugalerija\/","https:\/\/www.instagram.com\/inga.puleikiene.art\/"]}]}},"_links":{"self":[{"href":"https:\/\/ingapuleikiene.com\/en\/wp-json\/wp\/v2\/product\/32483","targetHints":{"allow":["GET"]}}],"collection":[{"href":"https:\/\/ingapuleikiene.com\/en\/wp-json\/wp\/v2\/product"}],"about":[{"href":"https:\/\/ingapuleikiene.com\/en\/wp-json\/wp\/v2\/types\/product"}],"replies":[{"embeddable":true,"href":"https:\/\/ingapuleikiene.com\/en\/wp-json\/wp\/v2\/comments?post=32483"}],"wp:featuredmedia":[{"embeddable":true,"href":"https:\/\/ingapuleikiene.com\/en\/wp-json\/wp\/v2\/media\/32459"}],"wp:attachment":[{"href":"https:\/\/ingapuleikiene.com\/en\/wp-json\/wp\/v2\/media?parent=32483"}],"wp:term":[{"taxonomy":"product_brand","embeddable":true,"href":"https:\/\/ingapuleikiene.com\/en\/wp-json\/wp\/v2\/product_brand?post=32483"},{"taxonomy":"product_cat","embeddable":true,"href":"https:\/\/ingapuleikiene.com\/en\/wp-json\/wp\/v2\/product_cat?post=32483"},{"taxonomy":"product_tag","embeddable":true,"href":"https:\/\/ingapuleikiene.com\/en\/wp-json\/wp\/v2\/product_tag?post=32483"}],"curies":[{"name":"wp","href":"https:\/\/api.w.org\/{rel}","templated":true}]}}