{"id":32484,"date":"2025-03-31T09:25:44","date_gmt":"2025-03-31T07:25:44","guid":{"rendered":"https:\/\/ingapuleikiene.com\/?post_type=product&#038;p=32484"},"modified":"2025-07-17T19:23:52","modified_gmt":"2025-07-17T17:23:52","slug":"siuolaikinio-stiliaus-butas-kopija","status":"publish","type":"product","link":"https:\/\/ingapuleikiene.com\/en\/product\/siuolaikinio-stiliaus-butas-kopija\/","title":{"rendered":"Contemporary Style Apartment"},"content":{"rendered":"<p style=\"font-weight: 400;\">The 46 sq m newly built two-room apartment is furnished in a contemporary style. This interior reflects the stylistics of modern luxury, in which the most important roles are played by high-quality materials, natural textures, refined shapes and a balanced contrast between warm and dark colors, as well as subtly luxurious accents.<\/p>\n<p style=\"font-weight: 400;\">This interior is warm and comfortable. Dark shades and luxurious materials give a sense of exclusivity. Coziness and elegance are felt. Rich, deep tones dominate, black, dark walnut, gray, which contrast with gold, beige shades and light marble. Furniture and shapes are minimalist, but luxurious - simple, elegant lines, little decor. Rounded silhouettes - curved chairs, soft shapes of furniture give coziness and softness. High-quality materials, dark wood, marble details and golden accents create a sense of exclusivity and subtle luxury. This is an uncluttered interior.<\/p>\n<p style=\"font-weight: 400;\">This style is suitable for people who like warm, but elegant, solid spaces, who appreciate modern luxury, but do not want an overly pompous interior. It will suit those who want to create a refined, but cozy atmosphere, suitable for both everyday life and representation. It is a modern, balanced and subtly luxurious interior. This interior style is perfect for those who are looking for an exceptional, refined aesthetic, appreciate high-quality finishes, and want to create a visually luxurious and cozy living environment.<\/p>","protected":false},"excerpt":{"rendered":"<p>46 kv.m naujos statybos dviej\u0173 kambari\u0173 butas \u012frengtas \u0161iuolaikiniu (contemporary) stiliumi. \u0160is interjeras atspindi\u00a0\u0161iuolaiki\u0161kos prabangos\u00a0stilistik\u0105, kurioje svarbiausi vaidmenys tenka auk\u0161tos<\/p>","protected":false},"featured_media":32444,"comment_status":"closed","ping_status":"closed","template":"","meta":{"_monsterinsights_skip_tracking":false,"_monsterinsights_sitenote_active":false,"_monsterinsights_sitenote_note":"","_monsterinsights_sitenote_category":0},"product_brand":[],"product_cat":[54],"product_tag":[],"class_list":{"0":"post-32484","1":"product","2":"type-product","3":"status-publish","4":"has-post-thumbnail","6":"product_cat-interjero-dizainas","8":"first","9":"instock","10":"shipping-taxable","11":"product-type-simple"},"yoast_head":"<!-- This site is optimized with the Yoast SEO plugin v25.5 - https:\/\/yoast.com\/wordpress\/plugins\/seo\/ -->\n<title>\u0160iuolaikinio (contemporary) stiliaus butas - Ingos Puleikienes meno galerija<\/title>\n<meta name=\"robots\" content=\"index, follow, max-snippet:-1, max-image-preview:large, max-video-preview:-1\" \/>\n<link rel=\"canonical\" href=\"https:\/\/ingapuleikiene.com\/en\/product\/siuolaikinio-stiliaus-butas-kopija\/\" \/>\n<meta property=\"og:locale\" content=\"en_GB\" \/>\n<meta property=\"og:type\" content=\"article\" \/>\n<meta property=\"og:title\" content=\"\u0160iuolaikinio (contemporary) stiliaus butas - Ingos Puleikienes meno galerija\" \/>\n<meta property=\"og:description\" content=\"46 kv.m naujos statybos dviej\u0173 kambari\u0173 butas \u012frengtas \u0161iuolaikiniu (contemporary) stiliumi. \u0160is interjeras atspindi\u00a0\u0161iuolaiki\u0161kos prabangos\u00a0stilistik\u0105, kurioje svarbiausi vaidmenys tenka auk\u0161tos\" \/>\n<meta property=\"og:url\" content=\"https:\/\/ingapuleikiene.com\/en\/product\/siuolaikinio-stiliaus-butas-kopija\/\" \/>\n<meta property=\"og:site_name\" content=\"Ingos Puleikienes meno galerija\" \/>\n<meta property=\"article:publisher\" content=\"https:\/\/www.facebook.com\/ippaveikslugalerija\/\" \/>\n<meta property=\"article:modified_time\" content=\"2025-07-17T17:23:52+00:00\" \/>\n<meta property=\"og:image\" content=\"https:\/\/ingapuleikiene.com\/wp-content\/uploads\/2025\/03\/IMG_1423-scaled.jpeg\" \/>\n\t<meta property=\"og:image:width\" content=\"2146\" \/>\n\t<meta property=\"og:image:height\" content=\"2560\" \/>\n\t<meta property=\"og:image:type\" content=\"image\/jpeg\" \/>\n<meta name=\"twitter:card\" content=\"summary_large_image\" \/>\n<meta name=\"twitter:label1\" content=\"Estimated reading time\" \/>\n\t<meta name=\"twitter:data1\" content=\"3 minutes\" \/>\n<script type=\"application\/ld+json\" class=\"yoast-schema-graph\">{\"@context\":\"https:\/\/schema.org\",\"@graph\":[{\"@type\":\"WebPage\",\"@id\":\"https:\/\/ingapuleikiene.com\/produktas\/siuolaikinio-stiliaus-butas-kopija\/\",\"url\":\"https:\/\/ingapuleikiene.com\/produktas\/siuolaikinio-stiliaus-butas-kopija\/\",\"name\":\"\u0160iuolaikinio (contemporary) stiliaus butas - Ingos Puleikienes meno galerija\",\"isPartOf\":{\"@id\":\"https:\/\/ingapuleikiene.com\/#website\"},\"primaryImageOfPage\":{\"@id\":\"https:\/\/ingapuleikiene.com\/produktas\/siuolaikinio-stiliaus-butas-kopija\/#primaryimage\"},\"image\":{\"@id\":\"https:\/\/ingapuleikiene.com\/produktas\/siuolaikinio-stiliaus-butas-kopija\/#primaryimage\"},\"thumbnailUrl\":\"https:\/\/ingapuleikiene.com\/wp-content\/uploads\/2025\/03\/IMG_1423-scaled.jpeg\",\"datePublished\":\"2025-03-31T07:25:44+00:00\",\"dateModified\":\"2025-07-17T17:23:52+00:00\",\"breadcrumb\":{\"@id\":\"https:\/\/ingapuleikiene.com\/produktas\/siuolaikinio-stiliaus-butas-kopija\/#breadcrumb\"},\"inLanguage\":\"en-GB\",\"potentialAction\":[{\"@type\":\"ReadAction\",\"target\":[\"https:\/\/ingapuleikiene.com\/produktas\/siuolaikinio-stiliaus-butas-kopija\/\"]}]},{\"@type\":\"ImageObject\",\"inLanguage\":\"en-GB\",\"@id\":\"https:\/\/ingapuleikiene.com\/produktas\/siuolaikinio-stiliaus-butas-kopija\/#primaryimage\",\"url\":\"https:\/\/ingapuleikiene.com\/wp-content\/uploads\/2025\/03\/IMG_1423-scaled.jpeg\",\"contentUrl\":\"https:\/\/ingapuleikiene.com\/wp-content\/uploads\/2025\/03\/IMG_1423-scaled.jpeg\",\"width\":2146,\"height\":2560,\"caption\":\"IMG 1423\"},{\"@type\":\"BreadcrumbList\",\"@id\":\"https:\/\/ingapuleikiene.com\/produktas\/siuolaikinio-stiliaus-butas-kopija\/#breadcrumb\",\"itemListElement\":[{\"@type\":\"ListItem\",\"position\":1,\"name\":\"Pagrindinis\",\"item\":\"https:\/\/ingapuleikiene.com\/\"},{\"@type\":\"ListItem\",\"position\":2,\"name\":\"Katalogas\",\"item\":\"https:\/\/ingapuleikiene.com\/en\/katalogas\/\"},{\"@type\":\"ListItem\",\"position\":3,\"name\":\"\u0160iuolaikinio (contemporary) stiliaus butas\"}]},{\"@type\":\"WebSite\",\"@id\":\"https:\/\/ingapuleikiene.com\/#website\",\"url\":\"https:\/\/ingapuleikiene.com\/\",\"name\":\"I.P. - Meno paveikslai, Interjero dizainas, Fotoportretai, Paveikslai interjerui, Dekoracijos\",\"description\":\"Meno paveikslai, Interjero dizainas, Fotoportretai, Paveikslai interjerui, Dekoracijos\",\"publisher\":{\"@id\":\"https:\/\/ingapuleikiene.com\/#organization\"},\"potentialAction\":[{\"@type\":\"SearchAction\",\"target\":{\"@type\":\"EntryPoint\",\"urlTemplate\":\"https:\/\/ingapuleikiene.com\/?s={search_term_string}\"},\"query-input\":{\"@type\":\"PropertyValueSpecification\",\"valueRequired\":true,\"valueName\":\"search_term_string\"}}],\"inLanguage\":\"en-GB\"},{\"@type\":\"Organization\",\"@id\":\"https:\/\/ingapuleikiene.com\/#organization\",\"name\":\"I.P. Art\",\"url\":\"https:\/\/ingapuleikiene.com\/\",\"logo\":{\"@type\":\"ImageObject\",\"inLanguage\":\"en-GB\",\"@id\":\"https:\/\/ingapuleikiene.com\/#\/schema\/logo\/image\/\",\"url\":\"https:\/\/ingapuleikiene.com\/wp-content\/uploads\/2025\/03\/signature.png\",\"contentUrl\":\"https:\/\/ingapuleikiene.com\/wp-content\/uploads\/2025\/03\/signature.png\",\"width\":255,\"height\":104,\"caption\":\"I.P. Art\"},\"image\":{\"@id\":\"https:\/\/ingapuleikiene.com\/#\/schema\/logo\/image\/\"},\"sameAs\":[\"https:\/\/www.facebook.com\/ippaveikslugalerija\/\",\"https:\/\/www.instagram.com\/inga.puleikiene.art\/\"]}]}<\/script>\n<!-- \/ Yoast SEO plugin. -->","yoast_head_json":{"title":"\u0160iuolaikinio (contemporary) stiliaus butas - Ingos Puleikienes meno galerija","robots":{"index":"index","follow":"follow","max-snippet":"max-snippet:-1","max-image-preview":"max-image-preview:large","max-video-preview":"max-video-preview:-1"},"canonical":"https:\/\/ingapuleikiene.com\/en\/product\/siuolaikinio-stiliaus-butas-kopija\/","og_locale":"en_GB","og_type":"article","og_title":"\u0160iuolaikinio (contemporary) stiliaus butas - Ingos Puleikienes meno galerija","og_description":"46 kv.m naujos statybos dviej\u0173 kambari\u0173 butas \u012frengtas \u0161iuolaikiniu (contemporary) stiliumi. \u0160is interjeras atspindi\u00a0\u0161iuolaiki\u0161kos prabangos\u00a0stilistik\u0105, kurioje svarbiausi vaidmenys tenka auk\u0161tos","og_url":"https:\/\/ingapuleikiene.com\/en\/product\/siuolaikinio-stiliaus-butas-kopija\/","og_site_name":"Ingos Puleikienes meno galerija","article_publisher":"https:\/\/www.facebook.com\/ippaveikslugalerija\/","article_modified_time":"2025-07-17T17:23:52+00:00","og_image":[{"width":2146,"height":2560,"url":"https:\/\/ingapuleikiene.com\/wp-content\/uploads\/2025\/03\/IMG_1423-scaled.jpeg","type":"image\/jpeg"}],"twitter_card":"summary_large_image","twitter_misc":{"Estimated reading time":"3 minutes"},"schema":{"@context":"https:\/\/schema.org","@graph":[{"@type":"WebPage","@id":"https:\/\/ingapuleikiene.com\/produktas\/siuolaikinio-stiliaus-butas-kopija\/","url":"https:\/\/ingapuleikiene.com\/produktas\/siuolaikinio-stiliaus-butas-kopija\/","name":"\u0160iuolaikinio (contemporary) stiliaus butas - Ingos Puleikienes meno galerija","isPartOf":{"@id":"https:\/\/ingapuleikiene.com\/#website"},"primaryImageOfPage":{"@id":"https:\/\/ingapuleikiene.com\/produktas\/siuolaikinio-stiliaus-butas-kopija\/#primaryimage"},"image":{"@id":"https:\/\/ingapuleikiene.com\/produktas\/siuolaikinio-stiliaus-butas-kopija\/#primaryimage"},"thumbnailUrl":"https:\/\/ingapuleikiene.com\/wp-content\/uploads\/2025\/03\/IMG_1423-scaled.jpeg","datePublished":"2025-03-31T07:25:44+00:00","dateModified":"2025-07-17T17:23:52+00:00","breadcrumb":{"@id":"https:\/\/ingapuleikiene.com\/produktas\/siuolaikinio-stiliaus-butas-kopija\/#breadcrumb"},"inLanguage":"en-GB","potentialAction":[{"@type":"ReadAction","target":["https:\/\/ingapuleikiene.com\/produktas\/siuolaikinio-stiliaus-butas-kopija\/"]}]},{"@type":"ImageObject","inLanguage":"en-GB","@id":"https:\/\/ingapuleikiene.com\/produktas\/siuolaikinio-stiliaus-butas-kopija\/#primaryimage","url":"https:\/\/ingapuleikiene.com\/wp-content\/uploads\/2025\/03\/IMG_1423-scaled.jpeg","contentUrl":"https:\/\/ingapuleikiene.com\/wp-content\/uploads\/2025\/03\/IMG_1423-scaled.jpeg","width":2146,"height":2560,"caption":"IMG 1423"},{"@type":"BreadcrumbList","@id":"https:\/\/ingapuleikiene.com\/produktas\/siuolaikinio-stiliaus-butas-kopija\/#breadcrumb","itemListElement":[{"@type":"ListItem","position":1,"name":"Pagrindinis","item":"https:\/\/ingapuleikiene.com\/"},{"@type":"ListItem","position":2,"name":"Katalogas","item":"https:\/\/ingapuleikiene.com\/en\/katalogas\/"},{"@type":"ListItem","position":3,"name":"\u0160iuolaikinio (contemporary) stiliaus butas"}]},{"@type":"WebSite","@id":"https:\/\/ingapuleikiene.com\/#website","url":"https:\/\/ingapuleikiene.com\/","name":"I.P. - Meno paveikslai, Interjero dizainas, Fotoportretai, Paveikslai interjerui, Dekoracijos","description":"Meno paveikslai, Interjero dizainas, Fotoportretai, Paveikslai interjerui, Dekoracijos","publisher":{"@id":"https:\/\/ingapuleikiene.com\/#organization"},"potentialAction":[{"@type":"SearchAction","target":{"@type":"EntryPoint","urlTemplate":"https:\/\/ingapuleikiene.com\/?s={search_term_string}"},"query-input":{"@type":"PropertyValueSpecification","valueRequired":true,"valueName":"search_term_string"}}],"inLanguage":"en-GB"},{"@type":"Organization","@id":"https:\/\/ingapuleikiene.com\/#organization","name":"I.P. Art","url":"https:\/\/ingapuleikiene.com\/","logo":{"@type":"ImageObject","inLanguage":"en-GB","@id":"https:\/\/ingapuleikiene.com\/#\/schema\/logo\/image\/","url":"https:\/\/ingapuleikiene.com\/wp-content\/uploads\/2025\/03\/signature.png","contentUrl":"https:\/\/ingapuleikiene.com\/wp-content\/uploads\/2025\/03\/signature.png","width":255,"height":104,"caption":"I.P. Art"},"image":{"@id":"https:\/\/ingapuleikiene.com\/#\/schema\/logo\/image\/"},"sameAs":["https:\/\/www.facebook.com\/ippaveikslugalerija\/","https:\/\/www.instagram.com\/inga.puleikiene.art\/"]}]}},"_links":{"self":[{"href":"https:\/\/ingapuleikiene.com\/en\/wp-json\/wp\/v2\/product\/32484","targetHints":{"allow":["GET"]}}],"collection":[{"href":"https:\/\/ingapuleikiene.com\/en\/wp-json\/wp\/v2\/product"}],"about":[{"href":"https:\/\/ingapuleikiene.com\/en\/wp-json\/wp\/v2\/types\/product"}],"replies":[{"embeddable":true,"href":"https:\/\/ingapuleikiene.com\/en\/wp-json\/wp\/v2\/comments?post=32484"}],"wp:featuredmedia":[{"embeddable":true,"href":"https:\/\/ingapuleikiene.com\/en\/wp-json\/wp\/v2\/media\/32444"}],"wp:attachment":[{"href":"https:\/\/ingapuleikiene.com\/en\/wp-json\/wp\/v2\/media?parent=32484"}],"wp:term":[{"taxonomy":"product_brand","embeddable":true,"href":"https:\/\/ingapuleikiene.com\/en\/wp-json\/wp\/v2\/product_brand?post=32484"},{"taxonomy":"product_cat","embeddable":true,"href":"https:\/\/ingapuleikiene.com\/en\/wp-json\/wp\/v2\/product_cat?post=32484"},{"taxonomy":"product_tag","embeddable":true,"href":"https:\/\/ingapuleikiene.com\/en\/wp-json\/wp\/v2\/product_tag?post=32484"}],"curies":[{"name":"wp","href":"https:\/\/api.w.org\/{rel}","templated":true}]}}