{"id":32485,"date":"2025-03-31T09:26:11","date_gmt":"2025-03-31T07:26:11","guid":{"rendered":"https:\/\/ingapuleikiene.com\/?post_type=product&#038;p=32485"},"modified":"2025-07-17T19:26:29","modified_gmt":"2025-07-17T17:26:29","slug":"japandi-stiliaus-butas-blokiniame-name-kopija","status":"publish","type":"product","link":"https:\/\/ingapuleikiene.com\/en\/product\/japandi-stiliaus-butas-blokiniame-name-kopija\/","title":{"rendered":"Scandinavian Minimalism and Japandi Style Apartment"},"content":{"rendered":"<p style=\"font-weight: 400;\">\u0160iuolaikinis skandinavi\u0161kas minimalizmas su nat\u016bralumo ir Japandi \u012ftaka &#8211; \u0161io interjero 54 kv.m butas blokiniame name dizainas atspindi \u0161iuolaikinio skandinavi\u0161ko minimalizmo estetik\u0105, kurioje susipina funkcionalumas ir jaukumas. Jaukus, esteti\u0161kas ir funkcionalus interjeras sukuria \u0161ilt\u0105 atmosfer\u0105, atsipalaidavimo jausm\u0105. Erdvei b\u016bdingi \u0161vies\u016bs, nat\u016bral\u016bs tonai, i\u0161ry\u0161kinantys med\u017eio tekst\u016bras, kartu su baltu pavir\u0161iumi ir tamsesniais akcentais, kurie suteikia kontrasto ir pusiausvyros. Nat\u016bralios spalvos: dominuoja sm\u0117lio, \u0161iltos rudos ir kremin\u0117s spalvos. Nat\u016bral\u016bs akcentai: d\u017eiovintos g\u0117l\u0117s, nat\u016bralaus med\u017eio elementai.<\/p>\n<p style=\"font-weight: 400;\">Furniture \u2013 a simple-shaped table with a metal frame, a graceful TV cabinet with a fluted texture, simple lines, ergonomic, without excess decorative elements. Materials \u2013 natural wood veneer, soft, cozy textures: velvet sofa fabric with a bright textured pattern, a fringed carpet, metal details \u2013 create a visual balance between comfort and modernity.<\/p>\n<p style=\"font-weight: 400;\">The kitchen solutions are rational and clean. The living room stands out with a warm, texturally interesting sofa, a natural wool carpet and light Scandinavian-style furniture. The bedroom is quiet, balanced, with a clearly refined color scheme and soft lighting.<\/p>\n<p style=\"font-weight: 400;\">Lighting is hidden, zonal, subtle, and contributes to creating an emotional atmosphere.<\/p>\n<p style=\"font-weight: 400;\">The home creates an impression of emotional security and peace, but at the same time has a personal character. It is an interior that does not overload, but allows you to breathe - a harmony of aesthetics and psychological peace.<\/p>","protected":false},"excerpt":{"rendered":"<p>\u0160iuolaikinis skandinavi\u0161kas minimalizmas su nat\u016bralumo ir Japandi \u012ftaka &#8211; \u0161io interjero 54 kv.m butas blokiniame name dizainas atspindi \u0161iuolaikinio skandinavi\u0161ko<\/p>","protected":false},"featured_media":32448,"comment_status":"closed","ping_status":"closed","template":"","meta":{"_monsterinsights_skip_tracking":false,"_monsterinsights_sitenote_active":false,"_monsterinsights_sitenote_note":"","_monsterinsights_sitenote_category":0},"product_brand":[],"product_cat":[54],"product_tag":[],"class_list":{"0":"post-32485","1":"product","2":"type-product","3":"status-publish","4":"has-post-thumbnail","6":"product_cat-interjero-dizainas","8":"first","9":"instock","10":"shipping-taxable","11":"product-type-simple"},"yoast_head":"<!-- This site is optimized with the Yoast SEO plugin v25.5 - https:\/\/yoast.com\/wordpress\/plugins\/seo\/ -->\n<title>Skandinavi\u0161ko minimalizmo ir Japandi stiliaus butas - Ingos Puleikienes meno galerija<\/title>\n<meta name=\"robots\" content=\"index, follow, max-snippet:-1, max-image-preview:large, max-video-preview:-1\" \/>\n<link rel=\"canonical\" href=\"https:\/\/ingapuleikiene.com\/en\/product\/japandi-stiliaus-butas-blokiniame-name-kopija\/\" \/>\n<meta property=\"og:locale\" content=\"en_GB\" \/>\n<meta property=\"og:type\" content=\"article\" \/>\n<meta property=\"og:title\" content=\"Skandinavi\u0161ko minimalizmo ir Japandi stiliaus butas - Ingos Puleikienes meno galerija\" \/>\n<meta property=\"og:description\" content=\"\u0160iuolaikinis skandinavi\u0161kas minimalizmas su nat\u016bralumo ir Japandi \u012ftaka &#8211; \u0161io interjero 54 kv.m butas blokiniame name dizainas atspindi \u0161iuolaikinio skandinavi\u0161ko\" \/>\n<meta property=\"og:url\" content=\"https:\/\/ingapuleikiene.com\/en\/product\/japandi-stiliaus-butas-blokiniame-name-kopija\/\" \/>\n<meta property=\"og:site_name\" content=\"Ingos Puleikienes meno galerija\" \/>\n<meta property=\"article:publisher\" content=\"https:\/\/www.facebook.com\/ippaveikslugalerija\/\" \/>\n<meta property=\"article:modified_time\" content=\"2025-07-17T17:26:29+00:00\" \/>\n<meta property=\"og:image\" content=\"https:\/\/ingapuleikiene.com\/wp-content\/uploads\/2025\/03\/IMG_6996-scaled.jpg\" \/>\n\t<meta property=\"og:image:width\" content=\"2035\" \/>\n\t<meta property=\"og:image:height\" content=\"2560\" \/>\n\t<meta property=\"og:image:type\" content=\"image\/jpeg\" \/>\n<meta name=\"twitter:card\" content=\"summary_large_image\" \/>\n<meta name=\"twitter:label1\" content=\"Estimated reading time\" \/>\n\t<meta name=\"twitter:data1\" content=\"2 minutes\" \/>\n<script type=\"application\/ld+json\" class=\"yoast-schema-graph\">{\"@context\":\"https:\/\/schema.org\",\"@graph\":[{\"@type\":\"WebPage\",\"@id\":\"https:\/\/ingapuleikiene.com\/produktas\/japandi-stiliaus-butas-blokiniame-name-kopija\/\",\"url\":\"https:\/\/ingapuleikiene.com\/produktas\/japandi-stiliaus-butas-blokiniame-name-kopija\/\",\"name\":\"Skandinavi\u0161ko minimalizmo ir Japandi stiliaus butas - Ingos Puleikienes meno galerija\",\"isPartOf\":{\"@id\":\"https:\/\/ingapuleikiene.com\/#website\"},\"primaryImageOfPage\":{\"@id\":\"https:\/\/ingapuleikiene.com\/produktas\/japandi-stiliaus-butas-blokiniame-name-kopija\/#primaryimage\"},\"image\":{\"@id\":\"https:\/\/ingapuleikiene.com\/produktas\/japandi-stiliaus-butas-blokiniame-name-kopija\/#primaryimage\"},\"thumbnailUrl\":\"https:\/\/ingapuleikiene.com\/wp-content\/uploads\/2025\/03\/IMG_6996-scaled.jpg\",\"datePublished\":\"2025-03-31T07:26:11+00:00\",\"dateModified\":\"2025-07-17T17:26:29+00:00\",\"breadcrumb\":{\"@id\":\"https:\/\/ingapuleikiene.com\/produktas\/japandi-stiliaus-butas-blokiniame-name-kopija\/#breadcrumb\"},\"inLanguage\":\"en-GB\",\"potentialAction\":[{\"@type\":\"ReadAction\",\"target\":[\"https:\/\/ingapuleikiene.com\/produktas\/japandi-stiliaus-butas-blokiniame-name-kopija\/\"]}]},{\"@type\":\"ImageObject\",\"inLanguage\":\"en-GB\",\"@id\":\"https:\/\/ingapuleikiene.com\/produktas\/japandi-stiliaus-butas-blokiniame-name-kopija\/#primaryimage\",\"url\":\"https:\/\/ingapuleikiene.com\/wp-content\/uploads\/2025\/03\/IMG_6996-scaled.jpg\",\"contentUrl\":\"https:\/\/ingapuleikiene.com\/wp-content\/uploads\/2025\/03\/IMG_6996-scaled.jpg\",\"width\":2035,\"height\":2560,\"caption\":\"IMG 6996\"},{\"@type\":\"BreadcrumbList\",\"@id\":\"https:\/\/ingapuleikiene.com\/produktas\/japandi-stiliaus-butas-blokiniame-name-kopija\/#breadcrumb\",\"itemListElement\":[{\"@type\":\"ListItem\",\"position\":1,\"name\":\"Pagrindinis\",\"item\":\"https:\/\/ingapuleikiene.com\/\"},{\"@type\":\"ListItem\",\"position\":2,\"name\":\"Katalogas\",\"item\":\"https:\/\/ingapuleikiene.com\/en\/katalogas\/\"},{\"@type\":\"ListItem\",\"position\":3,\"name\":\"Skandinavi\u0161ko minimalizmo ir Japandi stiliaus butas\"}]},{\"@type\":\"WebSite\",\"@id\":\"https:\/\/ingapuleikiene.com\/#website\",\"url\":\"https:\/\/ingapuleikiene.com\/\",\"name\":\"I.P. - Meno paveikslai, Interjero dizainas, Fotoportretai, Paveikslai interjerui, Dekoracijos\",\"description\":\"Meno paveikslai, Interjero dizainas, Fotoportretai, Paveikslai interjerui, Dekoracijos\",\"publisher\":{\"@id\":\"https:\/\/ingapuleikiene.com\/#organization\"},\"potentialAction\":[{\"@type\":\"SearchAction\",\"target\":{\"@type\":\"EntryPoint\",\"urlTemplate\":\"https:\/\/ingapuleikiene.com\/?s={search_term_string}\"},\"query-input\":{\"@type\":\"PropertyValueSpecification\",\"valueRequired\":true,\"valueName\":\"search_term_string\"}}],\"inLanguage\":\"en-GB\"},{\"@type\":\"Organization\",\"@id\":\"https:\/\/ingapuleikiene.com\/#organization\",\"name\":\"I.P. Art\",\"url\":\"https:\/\/ingapuleikiene.com\/\",\"logo\":{\"@type\":\"ImageObject\",\"inLanguage\":\"en-GB\",\"@id\":\"https:\/\/ingapuleikiene.com\/#\/schema\/logo\/image\/\",\"url\":\"https:\/\/ingapuleikiene.com\/wp-content\/uploads\/2025\/03\/signature.png\",\"contentUrl\":\"https:\/\/ingapuleikiene.com\/wp-content\/uploads\/2025\/03\/signature.png\",\"width\":255,\"height\":104,\"caption\":\"I.P. Art\"},\"image\":{\"@id\":\"https:\/\/ingapuleikiene.com\/#\/schema\/logo\/image\/\"},\"sameAs\":[\"https:\/\/www.facebook.com\/ippaveikslugalerija\/\",\"https:\/\/www.instagram.com\/inga.puleikiene.art\/\"]}]}<\/script>\n<!-- \/ Yoast SEO plugin. -->","yoast_head_json":{"title":"Skandinavi\u0161ko minimalizmo ir Japandi stiliaus butas - Ingos Puleikienes meno galerija","robots":{"index":"index","follow":"follow","max-snippet":"max-snippet:-1","max-image-preview":"max-image-preview:large","max-video-preview":"max-video-preview:-1"},"canonical":"https:\/\/ingapuleikiene.com\/en\/product\/japandi-stiliaus-butas-blokiniame-name-kopija\/","og_locale":"en_GB","og_type":"article","og_title":"Skandinavi\u0161ko minimalizmo ir Japandi stiliaus butas - Ingos Puleikienes meno galerija","og_description":"\u0160iuolaikinis skandinavi\u0161kas minimalizmas su nat\u016bralumo ir Japandi \u012ftaka &#8211; \u0161io interjero 54 kv.m butas blokiniame name dizainas atspindi \u0161iuolaikinio skandinavi\u0161ko","og_url":"https:\/\/ingapuleikiene.com\/en\/product\/japandi-stiliaus-butas-blokiniame-name-kopija\/","og_site_name":"Ingos Puleikienes meno galerija","article_publisher":"https:\/\/www.facebook.com\/ippaveikslugalerija\/","article_modified_time":"2025-07-17T17:26:29+00:00","og_image":[{"width":2035,"height":2560,"url":"https:\/\/ingapuleikiene.com\/wp-content\/uploads\/2025\/03\/IMG_6996-scaled.jpg","type":"image\/jpeg"}],"twitter_card":"summary_large_image","twitter_misc":{"Estimated reading time":"2 minutes"},"schema":{"@context":"https:\/\/schema.org","@graph":[{"@type":"WebPage","@id":"https:\/\/ingapuleikiene.com\/produktas\/japandi-stiliaus-butas-blokiniame-name-kopija\/","url":"https:\/\/ingapuleikiene.com\/produktas\/japandi-stiliaus-butas-blokiniame-name-kopija\/","name":"Skandinavi\u0161ko minimalizmo ir Japandi stiliaus butas - Ingos Puleikienes meno galerija","isPartOf":{"@id":"https:\/\/ingapuleikiene.com\/#website"},"primaryImageOfPage":{"@id":"https:\/\/ingapuleikiene.com\/produktas\/japandi-stiliaus-butas-blokiniame-name-kopija\/#primaryimage"},"image":{"@id":"https:\/\/ingapuleikiene.com\/produktas\/japandi-stiliaus-butas-blokiniame-name-kopija\/#primaryimage"},"thumbnailUrl":"https:\/\/ingapuleikiene.com\/wp-content\/uploads\/2025\/03\/IMG_6996-scaled.jpg","datePublished":"2025-03-31T07:26:11+00:00","dateModified":"2025-07-17T17:26:29+00:00","breadcrumb":{"@id":"https:\/\/ingapuleikiene.com\/produktas\/japandi-stiliaus-butas-blokiniame-name-kopija\/#breadcrumb"},"inLanguage":"en-GB","potentialAction":[{"@type":"ReadAction","target":["https:\/\/ingapuleikiene.com\/produktas\/japandi-stiliaus-butas-blokiniame-name-kopija\/"]}]},{"@type":"ImageObject","inLanguage":"en-GB","@id":"https:\/\/ingapuleikiene.com\/produktas\/japandi-stiliaus-butas-blokiniame-name-kopija\/#primaryimage","url":"https:\/\/ingapuleikiene.com\/wp-content\/uploads\/2025\/03\/IMG_6996-scaled.jpg","contentUrl":"https:\/\/ingapuleikiene.com\/wp-content\/uploads\/2025\/03\/IMG_6996-scaled.jpg","width":2035,"height":2560,"caption":"IMG 6996"},{"@type":"BreadcrumbList","@id":"https:\/\/ingapuleikiene.com\/produktas\/japandi-stiliaus-butas-blokiniame-name-kopija\/#breadcrumb","itemListElement":[{"@type":"ListItem","position":1,"name":"Pagrindinis","item":"https:\/\/ingapuleikiene.com\/"},{"@type":"ListItem","position":2,"name":"Katalogas","item":"https:\/\/ingapuleikiene.com\/en\/katalogas\/"},{"@type":"ListItem","position":3,"name":"Skandinavi\u0161ko minimalizmo ir Japandi stiliaus butas"}]},{"@type":"WebSite","@id":"https:\/\/ingapuleikiene.com\/#website","url":"https:\/\/ingapuleikiene.com\/","name":"I.P. - Meno paveikslai, Interjero dizainas, Fotoportretai, Paveikslai interjerui, Dekoracijos","description":"Meno paveikslai, Interjero dizainas, Fotoportretai, Paveikslai interjerui, Dekoracijos","publisher":{"@id":"https:\/\/ingapuleikiene.com\/#organization"},"potentialAction":[{"@type":"SearchAction","target":{"@type":"EntryPoint","urlTemplate":"https:\/\/ingapuleikiene.com\/?s={search_term_string}"},"query-input":{"@type":"PropertyValueSpecification","valueRequired":true,"valueName":"search_term_string"}}],"inLanguage":"en-GB"},{"@type":"Organization","@id":"https:\/\/ingapuleikiene.com\/#organization","name":"I.P. Art","url":"https:\/\/ingapuleikiene.com\/","logo":{"@type":"ImageObject","inLanguage":"en-GB","@id":"https:\/\/ingapuleikiene.com\/#\/schema\/logo\/image\/","url":"https:\/\/ingapuleikiene.com\/wp-content\/uploads\/2025\/03\/signature.png","contentUrl":"https:\/\/ingapuleikiene.com\/wp-content\/uploads\/2025\/03\/signature.png","width":255,"height":104,"caption":"I.P. Art"},"image":{"@id":"https:\/\/ingapuleikiene.com\/#\/schema\/logo\/image\/"},"sameAs":["https:\/\/www.facebook.com\/ippaveikslugalerija\/","https:\/\/www.instagram.com\/inga.puleikiene.art\/"]}]}},"_links":{"self":[{"href":"https:\/\/ingapuleikiene.com\/en\/wp-json\/wp\/v2\/product\/32485","targetHints":{"allow":["GET"]}}],"collection":[{"href":"https:\/\/ingapuleikiene.com\/en\/wp-json\/wp\/v2\/product"}],"about":[{"href":"https:\/\/ingapuleikiene.com\/en\/wp-json\/wp\/v2\/types\/product"}],"replies":[{"embeddable":true,"href":"https:\/\/ingapuleikiene.com\/en\/wp-json\/wp\/v2\/comments?post=32485"}],"wp:featuredmedia":[{"embeddable":true,"href":"https:\/\/ingapuleikiene.com\/en\/wp-json\/wp\/v2\/media\/32448"}],"wp:attachment":[{"href":"https:\/\/ingapuleikiene.com\/en\/wp-json\/wp\/v2\/media?parent=32485"}],"wp:term":[{"taxonomy":"product_brand","embeddable":true,"href":"https:\/\/ingapuleikiene.com\/en\/wp-json\/wp\/v2\/product_brand?post=32485"},{"taxonomy":"product_cat","embeddable":true,"href":"https:\/\/ingapuleikiene.com\/en\/wp-json\/wp\/v2\/product_cat?post=32485"},{"taxonomy":"product_tag","embeddable":true,"href":"https:\/\/ingapuleikiene.com\/en\/wp-json\/wp\/v2\/product_tag?post=32485"}],"curies":[{"name":"wp","href":"https:\/\/api.w.org\/{rel}","templated":true}]}}