{"id":32486,"date":"2025-03-31T09:26:42","date_gmt":"2025-03-31T07:26:42","guid":{"rendered":"https:\/\/ingapuleikiene.com\/?post_type=product&#038;p=32486"},"modified":"2025-07-17T19:27:40","modified_gmt":"2025-07-17T17:27:40","slug":"modernaus-stiliaus-butas-miesto-centre-kopija","status":"publish","type":"product","link":"https:\/\/ingapuleikiene.com\/en\/product\/modernaus-stiliaus-butas-miesto-centre-kopija\/","title":{"rendered":"Modern-Artdeco Style Apartment"},"content":{"rendered":"<p style=\"font-weight: 400;\">45 sq m modern classic with art deco elements style apartment in the city center. Modern, yet elegant and refined, functional, yet cozy and subtly luxurious interior. This is a refined interpretation of modern classics, subtly complemented by art deco motifs and features of contemporary minimalism aesthetics.<\/p>\n<p style=\"font-weight: 400;\">Classical elements \u2013 decorative wall moldings, plaster ceiling rosettes, symmetrical proportions \u2013 give the space elegance, balance, and historical depth.<\/p>\n<p style=\"font-weight: 400;\">Modern\u016bs akcentai &#8211; minimalistiniai baldai, grie\u017etos, bet lengvos formos, modernaus ap\u0161vietimo linijos, apvalus valgomojo stalas.<\/p>\n<p style=\"font-weight: 400;\">Art Deco details: gold-colored bookshelves, a decorative table lamp, a luxurious gold-colored chandelier with a pleated design and subtle gold accents. The Art Deco influence - manifested through gold accents, textured surfaces (corrugated glass), velvet and symmetry - all of which subtly convey a sense of luxury without crossing the boundaries of a modern aesthetic.<\/p>\n<p style=\"font-weight: 400;\">\u0160viesios, neutralios sienos derinamos su tamsaus med\u017eio grindimis, o akcentai \u2013 sodraus \u017ealio, aukso, juodo arba dramblio kaulo atspalvi\u0173 \u2013 sukuria \u0161ilumos ir kontrasto efekt\u0105. Dominuoja pilki, sm\u0117lio ir \u0161iltos med\u017eio spalvos tonai. Med\u017eiagos &#8211; medis, aksomas, stiklas, metalas (auksuoti arba juodi pavir\u0161iai), gipso lipdiniai \u2013 viskas parinkta siekiant subtilaus poj\u016b\u010di\u0173 derinio tarp tekst\u016bros, blizgesio ir \u0161velnumo. Auk\u0161tos kokyb\u0117s med\u017eiagos: aksominiai baldai, juodi metaliniai akcentai, parketo eglut\u0117s ra\u0161tas, marmurin\u0117s grind\u0173 detal\u0117s, rifliuoto stiklo elementai suteikia lengvumo ir elegancijos.<\/p>\n<p style=\"font-weight: 400;\">This style is especially suitable for people who appreciate the aesthetics of classics, but who want the comfort of modern life - without excess, but with exclusivity. A great choice for urban homes, where both aesthetic balance and functional clarity of solutions are important.<\/p>","protected":false},"excerpt":{"rendered":"<p>45 kv.m modernios klasikos su art deco elementais stiliaus butas miesto centre. \u0160iuolaiki\u0161kas, ta\u010diau eleganti\u0161kas ir rafinuotas, funkcionalus, kartu jaukus<\/p>","protected":false},"featured_media":32426,"comment_status":"closed","ping_status":"closed","template":"","meta":{"_monsterinsights_skip_tracking":false,"_monsterinsights_sitenote_active":false,"_monsterinsights_sitenote_note":"","_monsterinsights_sitenote_category":0},"product_brand":[],"product_cat":[54],"product_tag":[],"class_list":{"0":"post-32486","1":"product","2":"type-product","3":"status-publish","4":"has-post-thumbnail","6":"product_cat-interjero-dizainas","8":"first","9":"instock","10":"shipping-taxable","11":"product-type-simple"},"yoast_head":"<!-- This site is optimized with the Yoast SEO plugin v25.5 - https:\/\/yoast.com\/wordpress\/plugins\/seo\/ -->\n<title>Modernaus - Artdeco stiliaus butas - Ingos Puleikienes meno galerija<\/title>\n<meta name=\"robots\" content=\"index, follow, max-snippet:-1, max-image-preview:large, max-video-preview:-1\" \/>\n<link rel=\"canonical\" href=\"https:\/\/ingapuleikiene.com\/en\/product\/modernaus-stiliaus-butas-miesto-centre-kopija\/\" \/>\n<meta property=\"og:locale\" content=\"en_GB\" \/>\n<meta property=\"og:type\" content=\"article\" \/>\n<meta property=\"og:title\" content=\"Modernaus - Artdeco stiliaus butas - Ingos Puleikienes meno galerija\" \/>\n<meta property=\"og:description\" content=\"45 kv.m modernios klasikos su art deco elementais stiliaus butas miesto centre. \u0160iuolaiki\u0161kas, ta\u010diau eleganti\u0161kas ir rafinuotas, funkcionalus, kartu jaukus\" \/>\n<meta property=\"og:url\" content=\"https:\/\/ingapuleikiene.com\/en\/product\/modernaus-stiliaus-butas-miesto-centre-kopija\/\" \/>\n<meta property=\"og:site_name\" content=\"Ingos Puleikienes meno galerija\" \/>\n<meta property=\"article:publisher\" content=\"https:\/\/www.facebook.com\/ippaveikslugalerija\/\" \/>\n<meta property=\"article:modified_time\" content=\"2025-07-17T17:27:40+00:00\" \/>\n<meta property=\"og:image\" content=\"https:\/\/ingapuleikiene.com\/wp-content\/uploads\/2025\/03\/IMG_1988-scaled.jpeg\" \/>\n\t<meta property=\"og:image:width\" content=\"1920\" \/>\n\t<meta property=\"og:image:height\" content=\"2560\" \/>\n\t<meta property=\"og:image:type\" content=\"image\/jpeg\" \/>\n<meta name=\"twitter:card\" content=\"summary_large_image\" \/>\n<meta name=\"twitter:label1\" content=\"Estimated reading time\" \/>\n\t<meta name=\"twitter:data1\" content=\"3 minutes\" \/>\n<script type=\"application\/ld+json\" class=\"yoast-schema-graph\">{\"@context\":\"https:\/\/schema.org\",\"@graph\":[{\"@type\":\"WebPage\",\"@id\":\"https:\/\/ingapuleikiene.com\/produktas\/modernaus-stiliaus-butas-miesto-centre-kopija\/\",\"url\":\"https:\/\/ingapuleikiene.com\/produktas\/modernaus-stiliaus-butas-miesto-centre-kopija\/\",\"name\":\"Modernaus - Artdeco stiliaus butas - Ingos Puleikienes meno galerija\",\"isPartOf\":{\"@id\":\"https:\/\/ingapuleikiene.com\/#website\"},\"primaryImageOfPage\":{\"@id\":\"https:\/\/ingapuleikiene.com\/produktas\/modernaus-stiliaus-butas-miesto-centre-kopija\/#primaryimage\"},\"image\":{\"@id\":\"https:\/\/ingapuleikiene.com\/produktas\/modernaus-stiliaus-butas-miesto-centre-kopija\/#primaryimage\"},\"thumbnailUrl\":\"https:\/\/ingapuleikiene.com\/wp-content\/uploads\/2025\/03\/IMG_1988-scaled.jpeg\",\"datePublished\":\"2025-03-31T07:26:42+00:00\",\"dateModified\":\"2025-07-17T17:27:40+00:00\",\"breadcrumb\":{\"@id\":\"https:\/\/ingapuleikiene.com\/produktas\/modernaus-stiliaus-butas-miesto-centre-kopija\/#breadcrumb\"},\"inLanguage\":\"en-GB\",\"potentialAction\":[{\"@type\":\"ReadAction\",\"target\":[\"https:\/\/ingapuleikiene.com\/produktas\/modernaus-stiliaus-butas-miesto-centre-kopija\/\"]}]},{\"@type\":\"ImageObject\",\"inLanguage\":\"en-GB\",\"@id\":\"https:\/\/ingapuleikiene.com\/produktas\/modernaus-stiliaus-butas-miesto-centre-kopija\/#primaryimage\",\"url\":\"https:\/\/ingapuleikiene.com\/wp-content\/uploads\/2025\/03\/IMG_1988-scaled.jpeg\",\"contentUrl\":\"https:\/\/ingapuleikiene.com\/wp-content\/uploads\/2025\/03\/IMG_1988-scaled.jpeg\",\"width\":1920,\"height\":2560,\"caption\":\"IMG 1988\"},{\"@type\":\"BreadcrumbList\",\"@id\":\"https:\/\/ingapuleikiene.com\/produktas\/modernaus-stiliaus-butas-miesto-centre-kopija\/#breadcrumb\",\"itemListElement\":[{\"@type\":\"ListItem\",\"position\":1,\"name\":\"Pagrindinis\",\"item\":\"https:\/\/ingapuleikiene.com\/\"},{\"@type\":\"ListItem\",\"position\":2,\"name\":\"Katalogas\",\"item\":\"https:\/\/ingapuleikiene.com\/en\/katalogas\/\"},{\"@type\":\"ListItem\",\"position\":3,\"name\":\"Modernaus &#8211; Artdeco stiliaus butas\"}]},{\"@type\":\"WebSite\",\"@id\":\"https:\/\/ingapuleikiene.com\/#website\",\"url\":\"https:\/\/ingapuleikiene.com\/\",\"name\":\"I.P. - Meno paveikslai, Interjero dizainas, Fotoportretai, Paveikslai interjerui, Dekoracijos\",\"description\":\"Meno paveikslai, Interjero dizainas, Fotoportretai, Paveikslai interjerui, Dekoracijos\",\"publisher\":{\"@id\":\"https:\/\/ingapuleikiene.com\/#organization\"},\"potentialAction\":[{\"@type\":\"SearchAction\",\"target\":{\"@type\":\"EntryPoint\",\"urlTemplate\":\"https:\/\/ingapuleikiene.com\/?s={search_term_string}\"},\"query-input\":{\"@type\":\"PropertyValueSpecification\",\"valueRequired\":true,\"valueName\":\"search_term_string\"}}],\"inLanguage\":\"en-GB\"},{\"@type\":\"Organization\",\"@id\":\"https:\/\/ingapuleikiene.com\/#organization\",\"name\":\"I.P. Art\",\"url\":\"https:\/\/ingapuleikiene.com\/\",\"logo\":{\"@type\":\"ImageObject\",\"inLanguage\":\"en-GB\",\"@id\":\"https:\/\/ingapuleikiene.com\/#\/schema\/logo\/image\/\",\"url\":\"https:\/\/ingapuleikiene.com\/wp-content\/uploads\/2025\/03\/signature.png\",\"contentUrl\":\"https:\/\/ingapuleikiene.com\/wp-content\/uploads\/2025\/03\/signature.png\",\"width\":255,\"height\":104,\"caption\":\"I.P. Art\"},\"image\":{\"@id\":\"https:\/\/ingapuleikiene.com\/#\/schema\/logo\/image\/\"},\"sameAs\":[\"https:\/\/www.facebook.com\/ippaveikslugalerija\/\",\"https:\/\/www.instagram.com\/inga.puleikiene.art\/\"]}]}<\/script>\n<!-- \/ Yoast SEO plugin. -->","yoast_head_json":{"title":"Modernaus - Artdeco stiliaus butas - Ingos Puleikienes meno galerija","robots":{"index":"index","follow":"follow","max-snippet":"max-snippet:-1","max-image-preview":"max-image-preview:large","max-video-preview":"max-video-preview:-1"},"canonical":"https:\/\/ingapuleikiene.com\/en\/product\/modernaus-stiliaus-butas-miesto-centre-kopija\/","og_locale":"en_GB","og_type":"article","og_title":"Modernaus - Artdeco stiliaus butas - Ingos Puleikienes meno galerija","og_description":"45 kv.m modernios klasikos su art deco elementais stiliaus butas miesto centre. \u0160iuolaiki\u0161kas, ta\u010diau eleganti\u0161kas ir rafinuotas, funkcionalus, kartu jaukus","og_url":"https:\/\/ingapuleikiene.com\/en\/product\/modernaus-stiliaus-butas-miesto-centre-kopija\/","og_site_name":"Ingos Puleikienes meno galerija","article_publisher":"https:\/\/www.facebook.com\/ippaveikslugalerija\/","article_modified_time":"2025-07-17T17:27:40+00:00","og_image":[{"width":1920,"height":2560,"url":"https:\/\/ingapuleikiene.com\/wp-content\/uploads\/2025\/03\/IMG_1988-scaled.jpeg","type":"image\/jpeg"}],"twitter_card":"summary_large_image","twitter_misc":{"Estimated reading time":"3 minutes"},"schema":{"@context":"https:\/\/schema.org","@graph":[{"@type":"WebPage","@id":"https:\/\/ingapuleikiene.com\/produktas\/modernaus-stiliaus-butas-miesto-centre-kopija\/","url":"https:\/\/ingapuleikiene.com\/produktas\/modernaus-stiliaus-butas-miesto-centre-kopija\/","name":"Modernaus - Artdeco stiliaus butas - Ingos Puleikienes meno galerija","isPartOf":{"@id":"https:\/\/ingapuleikiene.com\/#website"},"primaryImageOfPage":{"@id":"https:\/\/ingapuleikiene.com\/produktas\/modernaus-stiliaus-butas-miesto-centre-kopija\/#primaryimage"},"image":{"@id":"https:\/\/ingapuleikiene.com\/produktas\/modernaus-stiliaus-butas-miesto-centre-kopija\/#primaryimage"},"thumbnailUrl":"https:\/\/ingapuleikiene.com\/wp-content\/uploads\/2025\/03\/IMG_1988-scaled.jpeg","datePublished":"2025-03-31T07:26:42+00:00","dateModified":"2025-07-17T17:27:40+00:00","breadcrumb":{"@id":"https:\/\/ingapuleikiene.com\/produktas\/modernaus-stiliaus-butas-miesto-centre-kopija\/#breadcrumb"},"inLanguage":"en-GB","potentialAction":[{"@type":"ReadAction","target":["https:\/\/ingapuleikiene.com\/produktas\/modernaus-stiliaus-butas-miesto-centre-kopija\/"]}]},{"@type":"ImageObject","inLanguage":"en-GB","@id":"https:\/\/ingapuleikiene.com\/produktas\/modernaus-stiliaus-butas-miesto-centre-kopija\/#primaryimage","url":"https:\/\/ingapuleikiene.com\/wp-content\/uploads\/2025\/03\/IMG_1988-scaled.jpeg","contentUrl":"https:\/\/ingapuleikiene.com\/wp-content\/uploads\/2025\/03\/IMG_1988-scaled.jpeg","width":1920,"height":2560,"caption":"IMG 1988"},{"@type":"BreadcrumbList","@id":"https:\/\/ingapuleikiene.com\/produktas\/modernaus-stiliaus-butas-miesto-centre-kopija\/#breadcrumb","itemListElement":[{"@type":"ListItem","position":1,"name":"Pagrindinis","item":"https:\/\/ingapuleikiene.com\/"},{"@type":"ListItem","position":2,"name":"Katalogas","item":"https:\/\/ingapuleikiene.com\/en\/katalogas\/"},{"@type":"ListItem","position":3,"name":"Modernaus &#8211; Artdeco stiliaus butas"}]},{"@type":"WebSite","@id":"https:\/\/ingapuleikiene.com\/#website","url":"https:\/\/ingapuleikiene.com\/","name":"I.P. - Meno paveikslai, Interjero dizainas, Fotoportretai, Paveikslai interjerui, Dekoracijos","description":"Meno paveikslai, Interjero dizainas, Fotoportretai, Paveikslai interjerui, Dekoracijos","publisher":{"@id":"https:\/\/ingapuleikiene.com\/#organization"},"potentialAction":[{"@type":"SearchAction","target":{"@type":"EntryPoint","urlTemplate":"https:\/\/ingapuleikiene.com\/?s={search_term_string}"},"query-input":{"@type":"PropertyValueSpecification","valueRequired":true,"valueName":"search_term_string"}}],"inLanguage":"en-GB"},{"@type":"Organization","@id":"https:\/\/ingapuleikiene.com\/#organization","name":"I.P. Art","url":"https:\/\/ingapuleikiene.com\/","logo":{"@type":"ImageObject","inLanguage":"en-GB","@id":"https:\/\/ingapuleikiene.com\/#\/schema\/logo\/image\/","url":"https:\/\/ingapuleikiene.com\/wp-content\/uploads\/2025\/03\/signature.png","contentUrl":"https:\/\/ingapuleikiene.com\/wp-content\/uploads\/2025\/03\/signature.png","width":255,"height":104,"caption":"I.P. Art"},"image":{"@id":"https:\/\/ingapuleikiene.com\/#\/schema\/logo\/image\/"},"sameAs":["https:\/\/www.facebook.com\/ippaveikslugalerija\/","https:\/\/www.instagram.com\/inga.puleikiene.art\/"]}]}},"_links":{"self":[{"href":"https:\/\/ingapuleikiene.com\/en\/wp-json\/wp\/v2\/product\/32486","targetHints":{"allow":["GET"]}}],"collection":[{"href":"https:\/\/ingapuleikiene.com\/en\/wp-json\/wp\/v2\/product"}],"about":[{"href":"https:\/\/ingapuleikiene.com\/en\/wp-json\/wp\/v2\/types\/product"}],"replies":[{"embeddable":true,"href":"https:\/\/ingapuleikiene.com\/en\/wp-json\/wp\/v2\/comments?post=32486"}],"wp:featuredmedia":[{"embeddable":true,"href":"https:\/\/ingapuleikiene.com\/en\/wp-json\/wp\/v2\/media\/32426"}],"wp:attachment":[{"href":"https:\/\/ingapuleikiene.com\/en\/wp-json\/wp\/v2\/media?parent=32486"}],"wp:term":[{"taxonomy":"product_brand","embeddable":true,"href":"https:\/\/ingapuleikiene.com\/en\/wp-json\/wp\/v2\/product_brand?post=32486"},{"taxonomy":"product_cat","embeddable":true,"href":"https:\/\/ingapuleikiene.com\/en\/wp-json\/wp\/v2\/product_cat?post=32486"},{"taxonomy":"product_tag","embeddable":true,"href":"https:\/\/ingapuleikiene.com\/en\/wp-json\/wp\/v2\/product_tag?post=32486"}],"curies":[{"name":"wp","href":"https:\/\/api.w.org\/{rel}","templated":true}]}}