{"id":32535,"date":"2025-04-05T16:17:01","date_gmt":"2025-04-05T14:17:01","guid":{"rendered":"https:\/\/ingapuleikiene.com\/?post_type=product&#038;p=32535"},"modified":"2025-07-14T19:41:16","modified_gmt":"2025-07-14T17:41:16","slug":"lygiadienis-100x70-kopija-kopija","status":"publish","type":"product","link":"https:\/\/ingapuleikiene.com\/en\/product\/lygiadienis-100x70-kopija-kopija\/","title":{"rendered":"EQUINOX 100x70"},"content":{"rendered":"<p style=\"text-align: left;\">Auth. Inga Puleikiene<\/p>\n<p style=\"text-align: left;\">2016<\/p>\n<p style=\"text-align: left;\">100 cm x 70 cm<\/p>\n<p style=\"text-align: left;\">Acrylic on canvas.<\/p>\n<p style=\"text-align: left;\">Original painting, signed by the author.<\/p>\n<p style=\"text-align: left;\">Without decorative frame.<\/p>","protected":false},"excerpt":{"rendered":"<p>\u201eLygiadienis\u201c \u2013 tai kvietimas b\u016bti <i>\u010dia ir dabar<\/i>, be skub\u0117jimo, be \u012ftampos. \u0160velnios, tarsi besvor\u0117s spalvos ir i\u0161sisklaidantys pot\u0117piai kuria poj\u016bt\u012f, lyg plauktum laike \u2013 be krypties, su vidiniu \u017einojimu, kad esi ten, kur reikia. Tai harmonija, kuri gyva, kv\u0117puojanti, nat\u016brali. Tai vidin\u0117s pusiausvyros atspindys ir \u0161velnus priminimas, kad ramyb\u0117 gimsta, kai leid\u017eiame b\u016bti.<\/p>","protected":false},"featured_media":32232,"comment_status":"closed","ping_status":"closed","template":"","meta":{"_monsterinsights_skip_tracking":false,"_monsterinsights_sitenote_active":false,"_monsterinsights_sitenote_note":"","_monsterinsights_sitenote_category":0},"product_brand":[],"product_cat":[26],"product_tag":[],"class_list":{"0":"post-32535","1":"product","2":"type-product","3":"status-publish","4":"has-post-thumbnail","6":"product_cat-paveikslai","7":"pa_aukstis-69","8":"pa_forma-horizontalus","9":"pa_plotis-91","10":"pa_spalvos-neutralios","11":"pa_spalvos-sviesios","12":"pa_tema-abstraktus","14":"first","15":"outofstock","16":"shipping-taxable","17":"product-type-simple"},"yoast_head":"<!-- This site is optimized with the Yoast SEO plugin v25.5 - https:\/\/yoast.com\/wordpress\/plugins\/seo\/ -->\n<title>LYGIADIENIS 100x70 - Ingos Puleikienes meno galerija<\/title>\n<meta name=\"robots\" content=\"index, follow, max-snippet:-1, max-image-preview:large, max-video-preview:-1\" \/>\n<link rel=\"canonical\" href=\"https:\/\/ingapuleikiene.com\/en\/product\/lygiadienis-100x70-kopija-kopija\/\" \/>\n<meta property=\"og:locale\" content=\"en_GB\" \/>\n<meta property=\"og:type\" content=\"article\" \/>\n<meta property=\"og:title\" content=\"LYGIADIENIS 100x70 - Ingos Puleikienes meno galerija\" \/>\n<meta property=\"og:description\" content=\"\u201eLygiadienis\u201c \u2013 tai kvietimas b\u016bti \u010dia ir dabar, be skub\u0117jimo, be \u012ftampos. \u0160velnios, tarsi besvor\u0117s spalvos ir i\u0161sisklaidantys pot\u0117piai kuria poj\u016bt\u012f, lyg plauktum laike \u2013 be krypties, su vidiniu \u017einojimu, kad esi ten, kur reikia. Tai harmonija, kuri gyva, kv\u0117puojanti, nat\u016brali. Tai vidin\u0117s pusiausvyros atspindys ir \u0161velnus priminimas, kad ramyb\u0117 gimsta, kai leid\u017eiame b\u016bti.\" \/>\n<meta property=\"og:url\" content=\"https:\/\/ingapuleikiene.com\/en\/product\/lygiadienis-100x70-kopija-kopija\/\" \/>\n<meta property=\"og:site_name\" content=\"Ingos Puleikienes meno galerija\" \/>\n<meta property=\"article:publisher\" content=\"https:\/\/www.facebook.com\/ippaveikslugalerija\/\" \/>\n<meta property=\"article:modified_time\" content=\"2025-07-14T17:41:16+00:00\" \/>\n<meta property=\"og:image\" content=\"https:\/\/ingapuleikiene.com\/wp-content\/uploads\/2025\/03\/23-Lygiadienis-100x70-akrilas-2016-scaled.jpg\" \/>\n\t<meta property=\"og:image:width\" content=\"2560\" \/>\n\t<meta property=\"og:image:height\" content=\"1767\" \/>\n\t<meta property=\"og:image:type\" content=\"image\/jpeg\" \/>\n<meta name=\"twitter:card\" content=\"summary_large_image\" \/>\n<meta name=\"twitter:label1\" content=\"Estimated reading time\" \/>\n\t<meta name=\"twitter:data1\" content=\"1 minute\" \/>\n<script type=\"application\/ld+json\" class=\"yoast-schema-graph\">{\"@context\":\"https:\/\/schema.org\",\"@graph\":[{\"@type\":\"WebPage\",\"@id\":\"https:\/\/ingapuleikiene.com\/produktas\/lygiadienis-100x70-kopija-kopija\/\",\"url\":\"https:\/\/ingapuleikiene.com\/produktas\/lygiadienis-100x70-kopija-kopija\/\",\"name\":\"LYGIADIENIS 100x70 - Ingos Puleikienes meno galerija\",\"isPartOf\":{\"@id\":\"https:\/\/ingapuleikiene.com\/#website\"},\"primaryImageOfPage\":{\"@id\":\"https:\/\/ingapuleikiene.com\/produktas\/lygiadienis-100x70-kopija-kopija\/#primaryimage\"},\"image\":{\"@id\":\"https:\/\/ingapuleikiene.com\/produktas\/lygiadienis-100x70-kopija-kopija\/#primaryimage\"},\"thumbnailUrl\":\"https:\/\/ingapuleikiene.com\/wp-content\/uploads\/2025\/03\/23-Lygiadienis-100x70-akrilas-2016-scaled.jpg\",\"datePublished\":\"2025-04-05T14:17:01+00:00\",\"dateModified\":\"2025-07-14T17:41:16+00:00\",\"breadcrumb\":{\"@id\":\"https:\/\/ingapuleikiene.com\/produktas\/lygiadienis-100x70-kopija-kopija\/#breadcrumb\"},\"inLanguage\":\"en-GB\",\"potentialAction\":[{\"@type\":\"ReadAction\",\"target\":[\"https:\/\/ingapuleikiene.com\/produktas\/lygiadienis-100x70-kopija-kopija\/\"]}]},{\"@type\":\"ImageObject\",\"inLanguage\":\"en-GB\",\"@id\":\"https:\/\/ingapuleikiene.com\/produktas\/lygiadienis-100x70-kopija-kopija\/#primaryimage\",\"url\":\"https:\/\/ingapuleikiene.com\/wp-content\/uploads\/2025\/03\/23-Lygiadienis-100x70-akrilas-2016-scaled.jpg\",\"contentUrl\":\"https:\/\/ingapuleikiene.com\/wp-content\/uploads\/2025\/03\/23-Lygiadienis-100x70-akrilas-2016-scaled.jpg\",\"width\":2560,\"height\":1767,\"caption\":\"23 Lygiadienis 100x70 akrilas 2016\"},{\"@type\":\"BreadcrumbList\",\"@id\":\"https:\/\/ingapuleikiene.com\/produktas\/lygiadienis-100x70-kopija-kopija\/#breadcrumb\",\"itemListElement\":[{\"@type\":\"ListItem\",\"position\":1,\"name\":\"Pagrindinis\",\"item\":\"https:\/\/ingapuleikiene.com\/\"},{\"@type\":\"ListItem\",\"position\":2,\"name\":\"Katalogas\",\"item\":\"https:\/\/ingapuleikiene.com\/en\/katalogas\/\"},{\"@type\":\"ListItem\",\"position\":3,\"name\":\"LYGIADIENIS 100&#215;70\"}]},{\"@type\":\"WebSite\",\"@id\":\"https:\/\/ingapuleikiene.com\/#website\",\"url\":\"https:\/\/ingapuleikiene.com\/\",\"name\":\"I.P. - Meno paveikslai, Interjero dizainas, Fotoportretai, Paveikslai interjerui, Dekoracijos\",\"description\":\"Meno paveikslai, Interjero dizainas, Fotoportretai, Paveikslai interjerui, Dekoracijos\",\"publisher\":{\"@id\":\"https:\/\/ingapuleikiene.com\/#organization\"},\"potentialAction\":[{\"@type\":\"SearchAction\",\"target\":{\"@type\":\"EntryPoint\",\"urlTemplate\":\"https:\/\/ingapuleikiene.com\/?s={search_term_string}\"},\"query-input\":{\"@type\":\"PropertyValueSpecification\",\"valueRequired\":true,\"valueName\":\"search_term_string\"}}],\"inLanguage\":\"en-GB\"},{\"@type\":\"Organization\",\"@id\":\"https:\/\/ingapuleikiene.com\/#organization\",\"name\":\"I.P. Art\",\"url\":\"https:\/\/ingapuleikiene.com\/\",\"logo\":{\"@type\":\"ImageObject\",\"inLanguage\":\"en-GB\",\"@id\":\"https:\/\/ingapuleikiene.com\/#\/schema\/logo\/image\/\",\"url\":\"https:\/\/ingapuleikiene.com\/wp-content\/uploads\/2025\/03\/signature.png\",\"contentUrl\":\"https:\/\/ingapuleikiene.com\/wp-content\/uploads\/2025\/03\/signature.png\",\"width\":255,\"height\":104,\"caption\":\"I.P. Art\"},\"image\":{\"@id\":\"https:\/\/ingapuleikiene.com\/#\/schema\/logo\/image\/\"},\"sameAs\":[\"https:\/\/www.facebook.com\/ippaveikslugalerija\/\",\"https:\/\/www.instagram.com\/inga.puleikiene.art\/\"]}]}<\/script>\n<!-- \/ Yoast SEO plugin. -->","yoast_head_json":{"title":"LYGIADIENIS 100x70 - Ingos Puleikienes meno galerija","robots":{"index":"index","follow":"follow","max-snippet":"max-snippet:-1","max-image-preview":"max-image-preview:large","max-video-preview":"max-video-preview:-1"},"canonical":"https:\/\/ingapuleikiene.com\/en\/product\/lygiadienis-100x70-kopija-kopija\/","og_locale":"en_GB","og_type":"article","og_title":"LYGIADIENIS 100x70 - Ingos Puleikienes meno galerija","og_description":"\u201eLygiadienis\u201c \u2013 tai kvietimas b\u016bti \u010dia ir dabar, be skub\u0117jimo, be \u012ftampos. \u0160velnios, tarsi besvor\u0117s spalvos ir i\u0161sisklaidantys pot\u0117piai kuria poj\u016bt\u012f, lyg plauktum laike \u2013 be krypties, su vidiniu \u017einojimu, kad esi ten, kur reikia. Tai harmonija, kuri gyva, kv\u0117puojanti, nat\u016brali. Tai vidin\u0117s pusiausvyros atspindys ir \u0161velnus priminimas, kad ramyb\u0117 gimsta, kai leid\u017eiame b\u016bti.","og_url":"https:\/\/ingapuleikiene.com\/en\/product\/lygiadienis-100x70-kopija-kopija\/","og_site_name":"Ingos Puleikienes meno galerija","article_publisher":"https:\/\/www.facebook.com\/ippaveikslugalerija\/","article_modified_time":"2025-07-14T17:41:16+00:00","og_image":[{"width":2560,"height":1767,"url":"https:\/\/ingapuleikiene.com\/wp-content\/uploads\/2025\/03\/23-Lygiadienis-100x70-akrilas-2016-scaled.jpg","type":"image\/jpeg"}],"twitter_card":"summary_large_image","twitter_misc":{"Estimated reading time":"1 minute"},"schema":{"@context":"https:\/\/schema.org","@graph":[{"@type":"WebPage","@id":"https:\/\/ingapuleikiene.com\/produktas\/lygiadienis-100x70-kopija-kopija\/","url":"https:\/\/ingapuleikiene.com\/produktas\/lygiadienis-100x70-kopija-kopija\/","name":"LYGIADIENIS 100x70 - Ingos Puleikienes meno galerija","isPartOf":{"@id":"https:\/\/ingapuleikiene.com\/#website"},"primaryImageOfPage":{"@id":"https:\/\/ingapuleikiene.com\/produktas\/lygiadienis-100x70-kopija-kopija\/#primaryimage"},"image":{"@id":"https:\/\/ingapuleikiene.com\/produktas\/lygiadienis-100x70-kopija-kopija\/#primaryimage"},"thumbnailUrl":"https:\/\/ingapuleikiene.com\/wp-content\/uploads\/2025\/03\/23-Lygiadienis-100x70-akrilas-2016-scaled.jpg","datePublished":"2025-04-05T14:17:01+00:00","dateModified":"2025-07-14T17:41:16+00:00","breadcrumb":{"@id":"https:\/\/ingapuleikiene.com\/produktas\/lygiadienis-100x70-kopija-kopija\/#breadcrumb"},"inLanguage":"en-GB","potentialAction":[{"@type":"ReadAction","target":["https:\/\/ingapuleikiene.com\/produktas\/lygiadienis-100x70-kopija-kopija\/"]}]},{"@type":"ImageObject","inLanguage":"en-GB","@id":"https:\/\/ingapuleikiene.com\/produktas\/lygiadienis-100x70-kopija-kopija\/#primaryimage","url":"https:\/\/ingapuleikiene.com\/wp-content\/uploads\/2025\/03\/23-Lygiadienis-100x70-akrilas-2016-scaled.jpg","contentUrl":"https:\/\/ingapuleikiene.com\/wp-content\/uploads\/2025\/03\/23-Lygiadienis-100x70-akrilas-2016-scaled.jpg","width":2560,"height":1767,"caption":"23 Lygiadienis 100x70 akrilas 2016"},{"@type":"BreadcrumbList","@id":"https:\/\/ingapuleikiene.com\/produktas\/lygiadienis-100x70-kopija-kopija\/#breadcrumb","itemListElement":[{"@type":"ListItem","position":1,"name":"Pagrindinis","item":"https:\/\/ingapuleikiene.com\/"},{"@type":"ListItem","position":2,"name":"Katalogas","item":"https:\/\/ingapuleikiene.com\/en\/katalogas\/"},{"@type":"ListItem","position":3,"name":"LYGIADIENIS 100&#215;70"}]},{"@type":"WebSite","@id":"https:\/\/ingapuleikiene.com\/#website","url":"https:\/\/ingapuleikiene.com\/","name":"I.P. - Meno paveikslai, Interjero dizainas, Fotoportretai, Paveikslai interjerui, Dekoracijos","description":"Meno paveikslai, Interjero dizainas, Fotoportretai, Paveikslai interjerui, Dekoracijos","publisher":{"@id":"https:\/\/ingapuleikiene.com\/#organization"},"potentialAction":[{"@type":"SearchAction","target":{"@type":"EntryPoint","urlTemplate":"https:\/\/ingapuleikiene.com\/?s={search_term_string}"},"query-input":{"@type":"PropertyValueSpecification","valueRequired":true,"valueName":"search_term_string"}}],"inLanguage":"en-GB"},{"@type":"Organization","@id":"https:\/\/ingapuleikiene.com\/#organization","name":"I.P. Art","url":"https:\/\/ingapuleikiene.com\/","logo":{"@type":"ImageObject","inLanguage":"en-GB","@id":"https:\/\/ingapuleikiene.com\/#\/schema\/logo\/image\/","url":"https:\/\/ingapuleikiene.com\/wp-content\/uploads\/2025\/03\/signature.png","contentUrl":"https:\/\/ingapuleikiene.com\/wp-content\/uploads\/2025\/03\/signature.png","width":255,"height":104,"caption":"I.P. Art"},"image":{"@id":"https:\/\/ingapuleikiene.com\/#\/schema\/logo\/image\/"},"sameAs":["https:\/\/www.facebook.com\/ippaveikslugalerija\/","https:\/\/www.instagram.com\/inga.puleikiene.art\/"]}]}},"_links":{"self":[{"href":"https:\/\/ingapuleikiene.com\/en\/wp-json\/wp\/v2\/product\/32535","targetHints":{"allow":["GET"]}}],"collection":[{"href":"https:\/\/ingapuleikiene.com\/en\/wp-json\/wp\/v2\/product"}],"about":[{"href":"https:\/\/ingapuleikiene.com\/en\/wp-json\/wp\/v2\/types\/product"}],"replies":[{"embeddable":true,"href":"https:\/\/ingapuleikiene.com\/en\/wp-json\/wp\/v2\/comments?post=32535"}],"wp:featuredmedia":[{"embeddable":true,"href":"https:\/\/ingapuleikiene.com\/en\/wp-json\/wp\/v2\/media\/32232"}],"wp:attachment":[{"href":"https:\/\/ingapuleikiene.com\/en\/wp-json\/wp\/v2\/media?parent=32535"}],"wp:term":[{"taxonomy":"product_brand","embeddable":true,"href":"https:\/\/ingapuleikiene.com\/en\/wp-json\/wp\/v2\/product_brand?post=32535"},{"taxonomy":"product_cat","embeddable":true,"href":"https:\/\/ingapuleikiene.com\/en\/wp-json\/wp\/v2\/product_cat?post=32535"},{"taxonomy":"product_tag","embeddable":true,"href":"https:\/\/ingapuleikiene.com\/en\/wp-json\/wp\/v2\/product_tag?post=32535"}],"curies":[{"name":"wp","href":"https:\/\/api.w.org\/{rel}","templated":true}]}}